{"id":2673,"date":"2022-08-18T09:55:47","date_gmt":"2022-08-18T06:55:47","guid":{"rendered":"https:\/\/majoitus.vuokatinaateli.fi\/?page_id=2673"},"modified":"2024-06-17T12:35:42","modified_gmt":"2024-06-17T09:35:42","slug":"vuokatin-aateli-saksa","status":"publish","type":"page","link":"https:\/\/majoitus.vuokatinaateli.fi\/de\/","title":{"rendered":"Vuokatin Aateli"},"content":{"rendered":"\n<p><a href=\"https:\/\/vuokatinaateli.fi\/deutsch\/#scroll\"><\/a><\/p>\n\n\n\n<p><\/p>\n\n\n\n<h2 class=\"has-text-align-center wp-block-heading\">Einzigartige Erlebnisse in Finnland<\/h2>\n\n\n\n<p class=\"has-text-align-center\">Finnland ist das Land der tausend Seen, der unber\u00fchrten W\u00e4lder, der Ruhe und der Stille. Das Land, in dem der Geist gestresster Menschen zur Ruhe kommt und neue Energie tankt. Die Heimat von Santa Claus und der Ursprung der echten Sauna. Die finnische Natur bietet das ganze Jahr \u00fcber einzigartige Erlebnisse. Im Sommer k\u00f6nnen Sie die Mitternachtssonne erleben, im Winter leuchten die Nordlichter. Finnland kann man nicht in Worte fassen. Seine Sch\u00f6nheit und Originalit\u00e4t muss man selbst erleben.<\/p>\n\n\n<div class=\"wp-block-image\">\n<figure class=\"aligncenter size-full\"><img loading=\"lazy\" decoding=\"async\" width=\"717\" height=\"352\" src=\"https:\/\/majoitus.vuokatinaateli.fi\/wp-content\/uploads\/2022\/08\/map_world.png\" alt=\"\" class=\"wp-image-3399\" srcset=\"https:\/\/majoitus.vuokatinaateli.fi\/wp-content\/uploads\/2022\/08\/map_world.png 717w, https:\/\/majoitus.vuokatinaateli.fi\/wp-content\/uploads\/2022\/08\/map_world-300x147.png 300w\" sizes=\"auto, (max-width: 717px) 100vw, 717px\" \/><\/figure>\n<\/div>\n\n\n<div style=\"height:40px\" aria-hidden=\"true\" class=\"wp-block-spacer\"><\/div>\n\n\n\n<div class=\"wp-block-cover alignfull\"><span aria-hidden=\"true\" class=\"wp-block-cover__background has-background-dim\"><\/span><img loading=\"lazy\" decoding=\"async\" width=\"1400\" height=\"1000\" class=\"wp-block-cover__image-background wp-image-3431\" alt=\"\" src=\"https:\/\/majoitus.vuokatinaateli.fi\/wp-content\/uploads\/2022\/08\/02_auroras_finland_vuokatti.jpg\" style=\"object-position:49% 50%\" data-object-fit=\"cover\" data-object-position=\"49% 50%\" srcset=\"https:\/\/majoitus.vuokatinaateli.fi\/wp-content\/uploads\/2022\/08\/02_auroras_finland_vuokatti.jpg 1400w, https:\/\/majoitus.vuokatinaateli.fi\/wp-content\/uploads\/2022\/08\/02_auroras_finland_vuokatti-300x214.jpg 300w, https:\/\/majoitus.vuokatinaateli.fi\/wp-content\/uploads\/2022\/08\/02_auroras_finland_vuokatti-1024x731.jpg 1024w, https:\/\/majoitus.vuokatinaateli.fi\/wp-content\/uploads\/2022\/08\/02_auroras_finland_vuokatti-768x549.jpg 768w\" sizes=\"auto, (max-width: 1400px) 100vw, 1400px\" \/><div class=\"wp-block-cover__inner-container is-layout-flow wp-block-cover-is-layout-flow\"><div class=\"wp-block-image\">\n<figure class=\"alignright size-full\"><img loading=\"lazy\" decoding=\"async\" width=\"343\" height=\"611\" src=\"https:\/\/majoitus.vuokatinaateli.fi\/wp-content\/uploads\/2022\/08\/map_finland.png\" alt=\"\" class=\"wp-image-3540\" srcset=\"https:\/\/majoitus.vuokatinaateli.fi\/wp-content\/uploads\/2022\/08\/map_finland.png 343w, https:\/\/majoitus.vuokatinaateli.fi\/wp-content\/uploads\/2022\/08\/map_finland-168x300.png 168w\" sizes=\"auto, (max-width: 343px) 100vw, 343px\" \/><\/figure>\n<\/div><\/div><\/div>\n\n\n\n<div style=\"height:40px\" aria-hidden=\"true\" class=\"wp-block-spacer\"><\/div>\n\n\n\n<h2 class=\"has-text-align-center wp-block-heading\">Erleben Sie die Faszination purer Natur<\/h2>\n\n\n\n<p class=\"has-text-align-center\">Finnland ist bekannt f\u00fcr seine reine Natur und die Sch\u00f6nheit seiner vier verschiedenen Jahreszeiten. Finnlands Gew\u00e4sser und die sch\u00f6nen Landschaften befreien den Geist von Stress und Hektik. Ein warmer Sommer, ein klarer Herbst, ein schneereicher Winter und ein Fr\u00fchling, in dem die Sonne beginnt, das Land zu erobern, um im Sommer schlie\u00dflich als magische Mitternachtssonne zu strahlen. Jede Jahreszeit hat ihre eigenen Besonderheiten. Im Sommer f\u00f6rdern Finnlands saubere Gew\u00e4sser, W\u00e4lder, sch\u00f6ne Landschaften und verschiedene Aktivit\u00e4ten das k\u00f6rperliche und geistige Wohlbefinden. Die traditionelle finnische Sauna und die Seen sind fester Bestandteil des finnischen Sommers. Mit dem Herbst kommt das Beste, was die Natur zu bieten hat \u2013 von Beeren und Pilzen bis hin zu Bewegung im klaren Herbstwetter. Der Wald ist f\u00fcr die Finnen schon immer ein wichtiger Ort der Erholung, Bewegung und Kraftsch\u00f6pfung gewesen. Im Winter erleben Sie die magische Polarnacht mit ihren verschneiten Landschaften und den Nordlichtern.<\/p>\n\n\n\n<figure class=\"wp-block-gallery has-nested-images columns-default is-cropped wp-block-gallery-1 is-layout-flex wp-block-gallery-is-layout-flex\">\n<figure class=\"wp-block-image size-large\"><img loading=\"lazy\" decoding=\"async\" width=\"318\" height=\"212\" data-id=\"3411\" src=\"https:\/\/majoitus.vuokatinaateli.fi\/wp-content\/uploads\/2022\/08\/seasons_summer-1.jpg\" alt=\"\" class=\"wp-image-3411\" srcset=\"https:\/\/majoitus.vuokatinaateli.fi\/wp-content\/uploads\/2022\/08\/seasons_summer-1.jpg 318w, https:\/\/majoitus.vuokatinaateli.fi\/wp-content\/uploads\/2022\/08\/seasons_summer-1-300x200.jpg 300w\" sizes=\"auto, (max-width: 318px) 100vw, 318px\" \/><\/figure>\n\n\n\n<figure class=\"wp-block-image size-large\"><img loading=\"lazy\" decoding=\"async\" width=\"318\" height=\"212\" data-id=\"3415\" src=\"https:\/\/majoitus.vuokatinaateli.fi\/wp-content\/uploads\/2022\/08\/seasons_winter.jpg\" alt=\"\" class=\"wp-image-3415\" srcset=\"https:\/\/majoitus.vuokatinaateli.fi\/wp-content\/uploads\/2022\/08\/seasons_winter.jpg 318w, https:\/\/majoitus.vuokatinaateli.fi\/wp-content\/uploads\/2022\/08\/seasons_winter-300x200.jpg 300w\" sizes=\"auto, (max-width: 318px) 100vw, 318px\" \/><\/figure>\n\n\n\n<figure class=\"wp-block-image size-large\"><img loading=\"lazy\" decoding=\"async\" width=\"318\" height=\"212\" data-id=\"3412\" src=\"https:\/\/majoitus.vuokatinaateli.fi\/wp-content\/uploads\/2022\/08\/aurora_borealis.jpg\" alt=\"\" class=\"wp-image-3412\" srcset=\"https:\/\/majoitus.vuokatinaateli.fi\/wp-content\/uploads\/2022\/08\/aurora_borealis.jpg 318w, https:\/\/majoitus.vuokatinaateli.fi\/wp-content\/uploads\/2022\/08\/aurora_borealis-300x200.jpg 300w\" sizes=\"auto, (max-width: 318px) 100vw, 318px\" \/><\/figure>\n<\/figure>\n\n\n\n<div style=\"height:40px\" aria-hidden=\"true\" class=\"wp-block-spacer\"><\/div>\n\n\n\n<figure class=\"wp-block-image alignfull size-large\"><img loading=\"lazy\" decoding=\"async\" width=\"1024\" height=\"514\" src=\"https:\/\/majoitus.vuokatinaateli.fi\/wp-content\/uploads\/2022\/08\/aateli-joulupukki-1024x514.jpg\" alt=\"\" class=\"wp-image-3438\" srcset=\"https:\/\/majoitus.vuokatinaateli.fi\/wp-content\/uploads\/2022\/08\/aateli-joulupukki-1024x514.jpg 1024w, https:\/\/majoitus.vuokatinaateli.fi\/wp-content\/uploads\/2022\/08\/aateli-joulupukki-300x151.jpg 300w, https:\/\/majoitus.vuokatinaateli.fi\/wp-content\/uploads\/2022\/08\/aateli-joulupukki-768x386.jpg 768w, https:\/\/majoitus.vuokatinaateli.fi\/wp-content\/uploads\/2022\/08\/aateli-joulupukki.jpg 1400w\" sizes=\"auto, (max-width: 1024px) 100vw, 1024px\" \/><\/figure>\n\n\n\n<div style=\"height:40px\" aria-hidden=\"true\" class=\"wp-block-spacer\"><\/div>\n\n\n\n<h2 class=\"has-text-align-center wp-block-heading\">Vuokatti \u2013 Aktivit\u00e4ten das ganze Jahr \u00fcber<\/h2>\n\n\n\n<p class=\"has-text-align-center\">Die Region Vuokatti, umgeben von wundersch\u00f6nen Seen und W\u00e4ldern, ist insbesondere bekannt als ganzj\u00e4hrig beliebtes Urlaubsziel der vier Jahreszeiten mit Aktivit\u00e4ten f\u00fcr Menschen aller Altersgruppen. Wundersch\u00f6ne Waldlandschaften schaffen ideale Voraussetzungen f\u00fcr Outdoor-Aktivit\u00e4ten. Vuokatti bietet Touristen eine gro\u00dfe Auswahl an Outdoor- und Indooraktivit\u00e4ten. Der Angry Birds Activity Park, die Pisten von Vuokatti, der Holiday Club Katinkulta und das Sportinstitut Vuokatti sind gro\u00dfartige Beispiele f\u00fcr die Vielfalt des Angebots. Vuokatti ist auch bekannt f\u00fcr den ersten Skitunnel der Welt, seinen Snowboardtunnel und sein Knowhow im Bereich Hochleistungssport. Die Pisten von Vuokatti sind besonders auf das Wohl der Kinder ausgerichtet. Im neuen Kinderland gibt es eine Piste und Angebote f\u00fcr kleine Skifahrer und ihre Familien. In der zur Finnischen Skischule des Jahres gek\u00fcrten Skischule Vuokatti werden sowohl Kinder als auch Erwachsene in die Geheimnisse der Sportart eingeweiht.<\/p>\n\n\n\n<p class=\"has-text-align-center\">Ein Spa\u00df f\u00fcr die ganze Familie ist der Angry Birds Activity Park in Vuokatti, in dem auch Erwachsene die Freude am Spielen aus der Kindheit wiederentdecken k\u00f6nnen. Ein Besuch im Indoor-Park ist f\u00fcr viele Kinder und Jugendliche ein unvergessliches Erlebnis; oft werden jedoch auch Erwachsene von den Spielen in ihren Bann gezogen. Im ganzj\u00e4hrig t\u00e4glich ge\u00f6ffneten Indoor-Park kann man bequem den ganzen Tag verbringen, wenn das Wetter f\u00fcr Outdoor-Aktivit\u00e4ten ungeeignet ist. Auch auf all jene, die sich im Wasser am wohlsten f\u00fchlen, warten in Vuokatti viele verschiedene Aktivit\u00e4ten. Attraktionen des Wassersportzentrums Vuokatti sind die weltweit gr\u00f6\u00dfte Skating-Flo\u00dfsauna und ein \u00fcber das Wasser gezogenes Wakestation-Kabel, das die Besucher an der Wasseroberfl\u00e4che entlangzieht. Im Wassersportzentrum werden auch Stehpaddeln, Wasserski, Tauchen sowie Sauna in guter Gesellschaft angeboten. SUP-Bretter k\u00f6nnen auch zum Gebrauch auf den vielen anderen Seen in Vuokatti und gemietet werden. Mit ihnen k\u00f6nnen die atemberaubenden Landschaften vom Wasser aus bewundert werden.<\/p>\n\n\n\n<p class=\"has-text-align-center\">Auch Kanus und Boote k\u00f6nnen gemietet werden. Angeboten werden weiterhin gef\u00fchrte Kajaktouren.<\/p>\n\n\n\n<p class=\"has-text-align-center\">Im Holiday Club Katinkulta Spa ist immer Sommer. Nach entspannenden Whirlpoolb\u00e4dern, Massageduschen und echter Rauchsauna k\u00f6nnen Sie sich bei einem Bad im Au\u00dfenpool erfrischen. Im Spa gibt es auch zahlreiche Aktivit\u00e4ten f\u00fcr Kinder, wie z.B. ein warmes Kinderbecken und eine Wasserrutsche.<\/p>\n\n\n\n<p class=\"has-text-align-center\">Das idyllische Urlaubszentrum Vuokatti ist ein wahres Langlaufparadies. Jeder Langlaufbegeisterte findet die passende Loipe im offiziellen finnischen Olympiast\u00fctzpunkt Vuokatti. Vuokatti bietet weiterhin sowohl Anf\u00e4ngern als auch Profis erstklassigen Skiunterricht mit moderner Ausr\u00fcstung und fachkundigem Service. Wir k\u00fcmmern uns um die Details, damit Sie Ihren Urlaub unbeschwert genie\u00dfen k\u00f6nnen. Vuokatti verf\u00fcgt \u00fcber 150 Loipenkilometer, von denen 120 km unter t\u00e4glicher Pflege sowohl f\u00fcr den klassischen Stil, als auch f\u00fcr die Skating-Technik pr\u00e4pariert werden. Die Strecken f\u00fchren durch verschneite W\u00e4lder, \u00fcber Anh\u00f6hen und gefrorene Seen. Die Nationalparks bieten beeindruckende finnische Naturst\u00e4tten und f\u00fcr die Region charakteristische Z\u00fcge. Der in der N\u00e4he von Vuokatti gelegene Nationalpark Hiidenportti und der Tiilikka-See eignen sich bestens f\u00fcr Tagesausfl\u00fcge, auf denen man die Faszination unber\u00fchrter Natur erleben kann.<\/p>\n\n\n\n<figure class=\"wp-block-gallery has-nested-images columns-default is-cropped wp-block-gallery-2 is-layout-flex wp-block-gallery-is-layout-flex\">\n<figure class=\"wp-block-image size-large\"><img loading=\"lazy\" decoding=\"async\" width=\"318\" height=\"212\" data-id=\"3446\" src=\"https:\/\/majoitus.vuokatinaateli.fi\/wp-content\/uploads\/2022\/08\/vuokatti_canoeing.jpg\" alt=\"\" class=\"wp-image-3446\" srcset=\"https:\/\/majoitus.vuokatinaateli.fi\/wp-content\/uploads\/2022\/08\/vuokatti_canoeing.jpg 318w, https:\/\/majoitus.vuokatinaateli.fi\/wp-content\/uploads\/2022\/08\/vuokatti_canoeing-300x200.jpg 300w\" sizes=\"auto, (max-width: 318px) 100vw, 318px\" \/><\/figure>\n\n\n\n<figure class=\"wp-block-image size-full\"><img loading=\"lazy\" decoding=\"async\" width=\"318\" height=\"212\" data-id=\"3447\" src=\"https:\/\/majoitus.vuokatinaateli.fi\/wp-content\/uploads\/2022\/08\/vuokatti_fi_maastohiihto.jpg\" alt=\"\" class=\"wp-image-3447\" srcset=\"https:\/\/majoitus.vuokatinaateli.fi\/wp-content\/uploads\/2022\/08\/vuokatti_fi_maastohiihto.jpg 318w, https:\/\/majoitus.vuokatinaateli.fi\/wp-content\/uploads\/2022\/08\/vuokatti_fi_maastohiihto-300x200.jpg 300w\" sizes=\"auto, (max-width: 318px) 100vw, 318px\" \/><\/figure>\n\n\n\n<figure class=\"wp-block-image size-large\"><img loading=\"lazy\" decoding=\"async\" width=\"318\" height=\"212\" data-id=\"3445\" src=\"https:\/\/majoitus.vuokatinaateli.fi\/wp-content\/uploads\/2022\/08\/vuokatti_snow_shoeing.jpg\" alt=\"\" class=\"wp-image-3445\" srcset=\"https:\/\/majoitus.vuokatinaateli.fi\/wp-content\/uploads\/2022\/08\/vuokatti_snow_shoeing.jpg 318w, https:\/\/majoitus.vuokatinaateli.fi\/wp-content\/uploads\/2022\/08\/vuokatti_snow_shoeing-300x200.jpg 300w\" sizes=\"auto, (max-width: 318px) 100vw, 318px\" \/><\/figure>\n<\/figure>\n\n\n\n<div style=\"height:40px\" aria-hidden=\"true\" class=\"wp-block-spacer\"><\/div>\n\n\n\n<figure class=\"wp-block-image alignfull size-large\"><img loading=\"lazy\" decoding=\"async\" width=\"1024\" height=\"731\" src=\"https:\/\/majoitus.vuokatinaateli.fi\/wp-content\/uploads\/2022\/08\/04_snowboarding_vuokatti_finland-1024x731.jpg\" alt=\"\" class=\"wp-image-3456\" srcset=\"https:\/\/majoitus.vuokatinaateli.fi\/wp-content\/uploads\/2022\/08\/04_snowboarding_vuokatti_finland-1024x731.jpg 1024w, https:\/\/majoitus.vuokatinaateli.fi\/wp-content\/uploads\/2022\/08\/04_snowboarding_vuokatti_finland-300x214.jpg 300w, https:\/\/majoitus.vuokatinaateli.fi\/wp-content\/uploads\/2022\/08\/04_snowboarding_vuokatti_finland-768x549.jpg 768w, https:\/\/majoitus.vuokatinaateli.fi\/wp-content\/uploads\/2022\/08\/04_snowboarding_vuokatti_finland.jpg 1400w\" sizes=\"auto, (max-width: 1024px) 100vw, 1024px\" \/><\/figure>\n\n\n\n<div style=\"height:40px\" aria-hidden=\"true\" class=\"wp-block-spacer\"><\/div>\n\n\n\n<h2 class=\"has-text-align-center wp-block-heading\">Lage \/ Anfahrt<\/h2>\n\n\n\n<p class=\"has-text-align-center\">Vuokatti ist leicht zu erreichen. Die schnellste Variante ist ein Flug von Helsinki nach Kajaani. Der Flug dauert etwa eine Stunde und 20 Minuten. Der Flughafen liegt etwa 40 Kilometer entfernt von Vuokatti. Vom Flughafen gibt es eine Busverbindung nach Vuokatti. Der n\u00e4chstgelegene Bahnhof befindet sich in Kajaani. T\u00e4glich kommen viele Z\u00fcge aus verschiedenen Richtungen hier an, und zu den meisten von ihnen gibt es Anschlussverbindungen nach Vuokatti mit \u00f6ffentlichen Verkehrsmitteln. Fernbusse und Charterbusse bringen Reisende direkt nach Vuokatti. Im Winter gibt es in der Region weiterhin einen kostenlosen Skibus. Die Besucher k\u00f6nnen auch ein Auto mieten oder Taxis nutzen.<\/p>\n\n\n\n<figure class=\"wp-block-gallery has-nested-images columns-default is-cropped wp-block-gallery-3 is-layout-flex wp-block-gallery-is-layout-flex\">\n<figure class=\"wp-block-image size-large\"><img loading=\"lazy\" decoding=\"async\" width=\"318\" height=\"212\" data-id=\"3463\" src=\"https:\/\/majoitus.vuokatinaateli.fi\/wp-content\/uploads\/2022\/08\/services_fishing.jpg\" alt=\"\" class=\"wp-image-3463\" srcset=\"https:\/\/majoitus.vuokatinaateli.fi\/wp-content\/uploads\/2022\/08\/services_fishing.jpg 318w, https:\/\/majoitus.vuokatinaateli.fi\/wp-content\/uploads\/2022\/08\/services_fishing-300x200.jpg 300w\" sizes=\"auto, (max-width: 318px) 100vw, 318px\" \/><\/figure>\n\n\n\n<figure class=\"wp-block-image size-large\"><img loading=\"lazy\" decoding=\"async\" width=\"318\" height=\"212\" data-id=\"3462\" src=\"https:\/\/majoitus.vuokatinaateli.fi\/wp-content\/uploads\/2022\/08\/services_food.jpg\" alt=\"\" class=\"wp-image-3462\" srcset=\"https:\/\/majoitus.vuokatinaateli.fi\/wp-content\/uploads\/2022\/08\/services_food.jpg 318w, https:\/\/majoitus.vuokatinaateli.fi\/wp-content\/uploads\/2022\/08\/services_food-300x200.jpg 300w\" sizes=\"auto, (max-width: 318px) 100vw, 318px\" \/><\/figure>\n\n\n\n<figure class=\"wp-block-image size-large\"><img loading=\"lazy\" decoding=\"async\" width=\"318\" height=\"212\" data-id=\"3466\" src=\"https:\/\/majoitus.vuokatinaateli.fi\/wp-content\/uploads\/2022\/08\/services_husky.jpg\" alt=\"\" class=\"wp-image-3466\" srcset=\"https:\/\/majoitus.vuokatinaateli.fi\/wp-content\/uploads\/2022\/08\/services_husky.jpg 318w, https:\/\/majoitus.vuokatinaateli.fi\/wp-content\/uploads\/2022\/08\/services_husky-300x200.jpg 300w\" sizes=\"auto, (max-width: 318px) 100vw, 318px\" \/><\/figure>\n<\/figure>\n\n\n\n<div style=\"height:40px\" aria-hidden=\"true\" class=\"wp-block-spacer\"><\/div>\n\n\n\n<figure class=\"wp-block-image alignfull size-large\"><img loading=\"lazy\" decoding=\"async\" width=\"1024\" height=\"731\" src=\"https:\/\/majoitus.vuokatinaateli.fi\/wp-content\/uploads\/2022\/08\/05_aateli_private_island_finland-1024x731.jpg\" alt=\"\" class=\"wp-image-3479\" srcset=\"https:\/\/majoitus.vuokatinaateli.fi\/wp-content\/uploads\/2022\/08\/05_aateli_private_island_finland-1024x731.jpg 1024w, https:\/\/majoitus.vuokatinaateli.fi\/wp-content\/uploads\/2022\/08\/05_aateli_private_island_finland-300x214.jpg 300w, https:\/\/majoitus.vuokatinaateli.fi\/wp-content\/uploads\/2022\/08\/05_aateli_private_island_finland-768x549.jpg 768w, https:\/\/majoitus.vuokatinaateli.fi\/wp-content\/uploads\/2022\/08\/05_aateli_private_island_finland.jpg 1400w\" sizes=\"auto, (max-width: 1024px) 100vw, 1024px\" \/><\/figure>\n\n\n\n<div style=\"height:40px\" aria-hidden=\"true\" class=\"wp-block-spacer\"><\/div>\n\n\n\n<h2 class=\"has-text-align-center wp-block-heading\">Vuokatin Aateli<\/h2>\n\n\n\n<p class=\"has-text-align-center\">Vuokatin Aateli bietet qualitativ hochwertige Unterk\u00fcnfte mit bester Lage in Vuokatti. Unter den 23 Unterk\u00fcnften gibt f\u00fcr jeden eine geeignete Alternative, von 21 Quadratmeter gro\u00dfen Suiten bis hin zu 350 Quadratmeter gro\u00dfen Villen. Wer absolut ungest\u00f6rt sein m\u00f6chte, kann auch auf einer eigenen Insel wohnen, inmitten sch\u00f6nster Seenlandschaft.<\/p>\n\n\n\n<p class=\"has-text-align-center\">Das Gastgeberpaar Virve und Markku Laanti hei\u00dft Sie Herzlich Willkommen zu einem unvergesslichen Urlaub in Vuokatin Aateli.<\/p>\n\n\n\n<figure class=\"wp-block-gallery has-nested-images columns-default is-cropped wp-block-gallery-4 is-layout-flex wp-block-gallery-is-layout-flex\">\n<figure class=\"wp-block-image size-large\"><img loading=\"lazy\" decoding=\"async\" width=\"318\" height=\"212\" data-id=\"3490\" src=\"https:\/\/majoitus.vuokatinaateli.fi\/wp-content\/uploads\/2022\/08\/vuokatin_aateli_island.jpg\" alt=\"\" class=\"wp-image-3490\" srcset=\"https:\/\/majoitus.vuokatinaateli.fi\/wp-content\/uploads\/2022\/08\/vuokatin_aateli_island.jpg 318w, https:\/\/majoitus.vuokatinaateli.fi\/wp-content\/uploads\/2022\/08\/vuokatin_aateli_island-300x200.jpg 300w\" sizes=\"auto, (max-width: 318px) 100vw, 318px\" \/><\/figure>\n\n\n\n<figure class=\"wp-block-image size-large\"><img loading=\"lazy\" decoding=\"async\" width=\"318\" height=\"212\" data-id=\"3487\" src=\"https:\/\/majoitus.vuokatinaateli.fi\/wp-content\/uploads\/2022\/08\/vuokatin_aateli_keisari.jpg\" alt=\"\" class=\"wp-image-3487\" srcset=\"https:\/\/majoitus.vuokatinaateli.fi\/wp-content\/uploads\/2022\/08\/vuokatin_aateli_keisari.jpg 318w, https:\/\/majoitus.vuokatinaateli.fi\/wp-content\/uploads\/2022\/08\/vuokatin_aateli_keisari-300x200.jpg 300w\" sizes=\"auto, (max-width: 318px) 100vw, 318px\" \/><\/figure>\n\n\n\n<figure class=\"wp-block-image size-large\"><img loading=\"lazy\" decoding=\"async\" width=\"318\" height=\"212\" data-id=\"3485\" src=\"https:\/\/majoitus.vuokatinaateli.fi\/wp-content\/uploads\/2022\/08\/vuokatin_aateli_marsalkka.jpg\" alt=\"\" class=\"wp-image-3485\" srcset=\"https:\/\/majoitus.vuokatinaateli.fi\/wp-content\/uploads\/2022\/08\/vuokatin_aateli_marsalkka.jpg 318w, https:\/\/majoitus.vuokatinaateli.fi\/wp-content\/uploads\/2022\/08\/vuokatin_aateli_marsalkka-300x200.jpg 300w\" sizes=\"auto, (max-width: 318px) 100vw, 318px\" \/><\/figure>\n<\/figure>\n\n\n\n<div style=\"height:40px\" aria-hidden=\"true\" class=\"wp-block-spacer\"><\/div>\n\n\n\n<figure class=\"wp-block-image alignfull size-large\"><img loading=\"lazy\" decoding=\"async\" width=\"1024\" height=\"731\" src=\"https:\/\/majoitus.vuokatinaateli.fi\/wp-content\/uploads\/2022\/08\/06_boat_lake_finland-1024x731.jpg\" alt=\"\" class=\"wp-image-3502\" srcset=\"https:\/\/majoitus.vuokatinaateli.fi\/wp-content\/uploads\/2022\/08\/06_boat_lake_finland-1024x731.jpg 1024w, https:\/\/majoitus.vuokatinaateli.fi\/wp-content\/uploads\/2022\/08\/06_boat_lake_finland-300x214.jpg 300w, https:\/\/majoitus.vuokatinaateli.fi\/wp-content\/uploads\/2022\/08\/06_boat_lake_finland-768x549.jpg 768w, https:\/\/majoitus.vuokatinaateli.fi\/wp-content\/uploads\/2022\/08\/06_boat_lake_finland.jpg 1400w\" sizes=\"auto, (max-width: 1024px) 100vw, 1024px\" \/><\/figure>\n","protected":false},"excerpt":{"rendered":"<p>Einzigartige Erlebnisse in Finnland Finnland ist das Land der tausend Seen, der unber\u00fchrten W\u00e4lder, der Ruhe und der Stille. Das Land, in dem der Geist gestresster Menschen zur Ruhe kommt und neue Energie tankt. Die Heimat von Santa Claus und der Ursprung der echten Sauna. Die finnische Natur bietet das ganze Jahr \u00fcber einzigartige Erlebnisse. [&hellip;]<\/p>\n","protected":false},"author":1,"featured_media":0,"parent":0,"menu_order":0,"comment_status":"closed","ping_status":"closed","template":"","meta":{"_acf_changed":false,"footnotes":""},"class_list":["post-2673","page","type-page","status-publish","hentry"],"acf":[],"_links":{"self":[{"href":"https:\/\/majoitus.vuokatinaateli.fi\/de\/wp-json\/wp\/v2\/pages\/2673","targetHints":{"allow":["GET"]}}],"collection":[{"href":"https:\/\/majoitus.vuokatinaateli.fi\/de\/wp-json\/wp\/v2\/pages"}],"about":[{"href":"https:\/\/majoitus.vuokatinaateli.fi\/de\/wp-json\/wp\/v2\/types\/page"}],"author":[{"embeddable":true,"href":"https:\/\/majoitus.vuokatinaateli.fi\/de\/wp-json\/wp\/v2\/users\/1"}],"replies":[{"embeddable":true,"href":"https:\/\/majoitus.vuokatinaateli.fi\/de\/wp-json\/wp\/v2\/comments?post=2673"}],"version-history":[{"count":1,"href":"https:\/\/majoitus.vuokatinaateli.fi\/de\/wp-json\/wp\/v2\/pages\/2673\/revisions"}],"predecessor-version":[{"id":7377,"href":"https:\/\/majoitus.vuokatinaateli.fi\/de\/wp-json\/wp\/v2\/pages\/2673\/revisions\/7377"}],"wp:attachment":[{"href":"https:\/\/majoitus.vuokatinaateli.fi\/de\/wp-json\/wp\/v2\/media?parent=2673"}],"curies":[{"name":"wp","href":"https:\/\/api.w.org\/{rel}","templated":true}]}}