{"id":3855,"date":"2022-06-30T09:44:29","date_gmt":"2022-06-30T06:44:29","guid":{"rendered":"https:\/\/majoitus.vuokatinaateli.fi\/tietosuojaseloste\/"},"modified":"2024-06-17T12:41:25","modified_gmt":"2024-06-17T09:41:25","slug":"privacy-policy","status":"publish","type":"page","link":"https:\/\/majoitus.vuokatinaateli.fi\/en\/privacy-policy\/","title":{"rendered":"Privacy policy"},"content":{"rendered":"\n<div style=\"height:80px\" aria-hidden=\"true\" class=\"wp-block-spacer\"><\/div>\n\n<h2 class=\"has-small-font-size wp-block-heading\">Rekisteri- ja tietosuojaseloste &#8211; TravelNet-verkkokauppa ja -varausj\u00e4rjestelm\u00e4<\/h2>\n\n<p>Vuokatin Aatelille (Vuokatin Katinkulma Oy) yksityisyyden suoja on ensiarvoisen t\u00e4rke\u00e4\u00e4. T\u00e4ss\u00e4 dokumentissa kerrotaan niist\u00e4 periaatteista ja rekister\u00f6idyn oikeuksista, joita Vuokatin Aateli noudattaa henkil\u00f6tietojen k\u00e4sittelyss\u00e4. K\u00e4ytt\u00e4m\u00e4ll\u00e4 Vuokatin Aatelin tarjoamia palveluita k\u00e4ytt\u00e4j\u00e4 hyv\u00e4ksyy t\u00e4m\u00e4n tietoselosteen ehdot itse\u00e4\u00e4n koskeviksi.<\/p>\n\n<p><strong>1. Rekisterinpit\u00e4j\u00e4<\/strong><br \/>Nimi: Vuokatin Katinkulma Oy<br \/>Y-tunnus: 1543495-2<br \/>Postiosoite: J\u00e4\u00e4ti\u00f6ntie 28, 88610 Vuokatti<\/p>\n\n<p><strong>2. Rekisteriasioista vastaava henkil\u00f6<br \/><\/strong>Nimi: Markku Laanti<br \/>Postiosoite: J\u00e4\u00e4ti\u00f6ntie 28, 88610 Vuokatti<br \/>S\u00e4hk\u00f6posti: markku.laanti@vuokatinaateli.fi<\/p>\n\n<p><strong>3. Rekisterin nimi<\/strong><br \/>Vuokatin Aatelin TravelNet-verkkokaupan ja -varausj\u00e4rjestelm\u00e4n asiakasrekisteri.<\/p>\n\n<p><strong>4. Oikeusperuste ja henkil\u00f6tietojen k\u00e4sittelyn tarkoitus<\/strong><br \/>T\u00e4m\u00e4n rekisterin tarkoituksena on mahdollistaa palvelukuvauksen mukaisten velvoitteiden ja oikeuksien t\u00e4yttyminen, kuten esimerkiksi tilaustietojen, laskutustietojen, maksuvahvistustietojen tai k\u00e4sittelytietojen v\u00e4litt\u00e4minen Vuokatin Aatelin ja asiakkaan v\u00e4lill\u00e4. T\u00e4m\u00e4n lis\u00e4ksi rekisterin tarkoituksena on asiakaspalvelun edellytt\u00e4mien yhteydenottojen mahdollistaminen ja asiakassuhteen yll\u00e4pito sek\u00e4 suoramarkkinointi silloin, kun asiakas on t\u00e4m\u00e4n sallinut. Tietoja ei k\u00e4ytet\u00e4 automatisoituun p\u00e4\u00e4t\u00f6ksentekoon tai profilointiin.<\/p>\n\n<p><strong>5. Rekisterin tietosis\u00e4lt\u00f6<\/strong><br \/>Rekisteriin tallennettavia tietoja ovat:<\/p>\n\n<p><em>Etu- ja sukunimi<br \/>Yrityksen nimi, asema, osasto<br \/>Postiosoite (valtio, osavaltio, katuosoite ja postinumero sek\u00e4 postitoimipaikka),<br \/>Puhelinnumero<br \/>S\u00e4hk\u00f6postiosoite<br \/>Fax<br \/>Asiakasnumero<br \/>Kuvaus asiakkaasta<br \/>Asiakkaan kuuluminen ryhmiin<\/em><br \/><em>Tiedot tilatuista palveluista ja niiden muutoksista, laskutustiedot, muut asiakassuhteeseen ja tilattuihin palveluihin liittyv\u00e4t tiedot.<\/em><\/p>\n\n<p>Tiedot s\u00e4ilytet\u00e4\u00e4n asiakassuhteen p\u00e4\u00e4ttymisen j\u00e4lkeen, kunnes sopimusvelvoitteet on t\u00e4ytetty. S\u00e4ilytysajan p\u00e4\u00e4tteeksi tiedot h\u00e4vitet\u00e4\u00e4n tai anynymisoidaan rekisterinpit\u00e4j\u00e4n toimesta. Rekisterinpit\u00e4j\u00e4 pid\u00e4tt\u00e4\u00e4 oikeuden anonymisoitujen tietojen s\u00e4ilytt\u00e4miseen.<\/p>\n\n<p><strong>6. S\u00e4\u00e4nn\u00f6nmukaiset tietol\u00e4hteet<\/strong><br \/>Tiedot ker\u00e4t\u00e4\u00e4n Vuokatin Aatelin TravelNet-verkkokaupassa www-lomakkeilla l\u00e4hetetyist\u00e4 viesteist\u00e4 ja tilauksista, s\u00e4hk\u00f6postitse, puhelimitse, sosiaalisen median palvelujen kautta, sopimuksista, asiakastapaamisista ja muista tilanteista, joissa asiakas luovuttaa tietojaan.<\/p>\n\n<p><strong>7. Tietojen s\u00e4\u00e4nn\u00f6nmukaiset luovutukset ja tietojen siirto EU:n tai ETA:n ulkopuolelle<\/strong><br \/>Tietoja ei luovuteta s\u00e4\u00e4nn\u00f6nmukaisesti muille tahoille. Tietoja voidaan julkaista silt\u00e4 osin kuin niin on sovittu asiakkaan kanssa.<\/p>\n\n<p>Tietoja voidaan luovuttaa rekisterinpit\u00e4j\u00e4n harkinnan perusteella kulloinkin voimassaolevan lains\u00e4\u00e4d\u00e4nn\u00f6n sallimissa rajoissa esimerkiksi Sportum Oy:n yhteisty\u00f6kumppaneille, jollei rekister\u00f6ity ole kielt\u00e4nyt tietojen luovuttamista. L\u00e4ht\u00f6kohtaisesti tietojen luovuttaminen voi tapahtua vain tarkoituksiin, jotka tukevat suoraan Sportum Oy:n kehitt\u00e4mien palveluiden kehitt\u00e4mist\u00e4 ja tietojen k\u00e4ytt\u00f6tarkoitus ei ole ristiriidassa Sportum Oy:n tietosuojak\u00e4yt\u00e4nt\u00f6jen kanssa.<\/p>\n\n<p>Tietoja voidaan my\u00f6s luovuttaa yritysj\u00e4rjestelyiden yhteydess\u00e4 ostajille, mik\u00e4li Sportum Oy myy tai muutoin j\u00e4rjestelee liiketoimintaansa. Tietoja voidaan siirt\u00e4\u00e4 rekisterinpit\u00e4j\u00e4n valikoimille yhteisty\u00f6kumppaneille, jotka k\u00e4sittelev\u00e4t tietoja rekisterinpit\u00e4j\u00e4n lukuun, osapuolten v\u00e4lisen sopimuksen perusteella. T\u00e4ll\u00f6in tietojen k\u00e4sittelij\u00e4ll\u00e4 ei ole oikeutta k\u00e4sitell\u00e4 siirrettyj\u00e4 tietoja omaan lukuunsa, omissa henkil\u00f6rekistereiss\u00e4\u00e4n. Tietoja ei p\u00e4\u00e4s\u00e4\u00e4nt\u00f6isesti siirret\u00e4 Euroopan unionin j\u00e4senvaltioiden alueen tai Euroopan talousalueen ulkopuolelle, ellei se ole edell\u00e4 henkil\u00f6tietojen k\u00e4sittelyn tarkoitusten tai tietojen k\u00e4sittelyn teknisen toteuttamisen kannalta tarpeellista, jolloin tietojen siirrossa noudatetaan henkil\u00f6tietolains\u00e4\u00e4d\u00e4nn\u00f6n vaatimuksia.<\/p>\n\n<p><strong>8. Rekisterin suojauksen periaatteet<\/strong><br \/>Rekisterin k\u00e4sittelyss\u00e4 noudatetaan huolellisuutta ja tietoj\u00e4rjestelmien avulla k\u00e4sitelt\u00e4v\u00e4t tiedot suojataan asianmukaisesti. Kun rekisteritietoja s\u00e4ilytet\u00e4\u00e4n Internet-palvelimilla, niiden laitteiston fyysisest\u00e4 ja digitaalisesta tietoturvasta huolehditaan asiaankuuluvasti. Rekisterinpit\u00e4j\u00e4 huolehtii siit\u00e4, ett\u00e4 tallennettuja tietoja, sovelluksien k\u00e4ytt\u00e4j\u00e4tunnuksia ja muita henkil\u00f6tietojen turvallisuuden kannalta kriittisi\u00e4 tietoja k\u00e4sitell\u00e4\u00e4n luottamuksellisesti ja vain niiden ty\u00f6ntekij\u00f6iden toimesta, joiden ty\u00f6nkuvaan se kuuluu.<\/p>\n\n<p><strong>9. Tarkastusoikeus ja oikeus vaatia tiedon korjaamista<\/strong><br \/>Jokaisella rekisteriss\u00e4 olevalla henkil\u00f6ll\u00e4 on oikeus tarkistaa rekisteriin tallennetut tietonsa ja vaatia mahdollisen virheellisen tiedon korjaamista tai puutteellisen tiedon t\u00e4ydent\u00e4mist\u00e4. Mik\u00e4li henkil\u00f6 haluaa tarkistaa h\u00e4nest\u00e4 tallennetut tiedot tai vaatia niihin oikaisua, pyynt\u00f6 tulee l\u00e4hett\u00e4\u00e4 kirjallisesti rekisterinpit\u00e4j\u00e4lle. Rekisterinpit\u00e4j\u00e4 voi pyyt\u00e4\u00e4 tarvittaessa pyynn\u00f6n esitt\u00e4j\u00e4\u00e4 todistamaan henkil\u00f6llisyytens\u00e4. Rekisterinpit\u00e4j\u00e4 vastaa asiakkaalle EU:n tietosuoja-asetuksessa s\u00e4\u00e4detyss\u00e4 ajassa (p\u00e4\u00e4s\u00e4\u00e4nt\u00f6isesti kuukauden kuluessa).<\/p>\n\n<p><strong>10. Muut henkil\u00f6tietojen k\u00e4sittelyyn liittyv\u00e4t oikeudet<\/strong><br \/>Rekisteriss\u00e4 olevalla henkil\u00f6ll\u00e4 on oikeus pyyt\u00e4\u00e4 h\u00e4nt\u00e4 koskevien henkil\u00f6tietojen poistamiseen rekisterist\u00e4 (\u201doikeus tulla unohdetuksi\u201d). Niin ik\u00e4\u00e4n rekister\u00f6idyill\u00e4 on muut EU:n yleisen tietosuoja-asetuksen mukaiset oikeudet kuten henkil\u00f6tietojen k\u00e4sittelyn rajoittaminen tietyiss\u00e4 tilanteissa. Pyynn\u00f6t tulee l\u00e4hett\u00e4\u00e4 kirjallisesti rekisterinpit\u00e4j\u00e4lle. Rekisterinpit\u00e4j\u00e4 voi pyyt\u00e4\u00e4 tarvittaessa pyynn\u00f6n esitt\u00e4j\u00e4\u00e4 todistamaan henkil\u00f6llisyytens\u00e4. Rekisterinpit\u00e4j\u00e4 vastaa asiakkaalle EU:n tietosuoja-asetuksessa s\u00e4\u00e4detyss\u00e4 ajassa (p\u00e4\u00e4s\u00e4\u00e4nt\u00f6isesti kuukauden kuluessa). Rekisterinpit\u00e4j\u00e4ll\u00e4 on oikeus kielt\u00e4yty\u00e4 pyynn\u00f6st\u00e4, jos t\u00e4h\u00e4n on olemassa laillinen, sopimusvelvoitteisiin perustuva tai muu pakottava syy.<\/p>\n\n<p><strong>11. Tietoa ev\u00e4steist\u00e4<\/strong><br \/>Verkkokauppasivusto k\u00e4ytt\u00e4\u00e4 ev\u00e4steit\u00e4 (cookies), joita on kahta eri tyyppi\u00e4: v\u00e4ltt\u00e4m\u00e4tt\u00f6m\u00e4t ja toiminnalliset ev\u00e4steet. V\u00e4ltt\u00e4m\u00e4tt\u00f6m\u00e4t ev\u00e4steet ovat t\u00e4rkeit\u00e4 verkkosivustomme perustoiminnoille: ominaisuuksille ja teknisille toiminnoille, joita ilman verkkosivustomme ei toimi. Toiminnallisten ev\u00e4steiden avulla verkkosivustomme muistaa aiemmin tehdyt valinnat, kuten p\u00e4iv\u00e4m\u00e4\u00e4r\u00e4valinnat tai kielen. N\u00e4iden ev\u00e4steiden avulla voimme tallentaa tietoja, jotka auttavat varausten teossa. N\u00e4it\u00e4 ev\u00e4steit\u00e4 ei voi poistaa k\u00e4yt\u00f6st\u00e4.<\/p>\n\n<div style=\"height:150px\" aria-hidden=\"true\" class=\"wp-block-spacer\"><\/div>\n\n<h2 class=\"has-small-font-size wp-block-heading\">Rekisteriseloste ja tietosuojalausunto &#8211; verkkosivusto vuokatinaateli.fi<\/h2>\n\n<div style=\"height:10px\" aria-hidden=\"true\" class=\"wp-block-spacer\"><\/div>\n\n<p>Sitoudumme asiakkaidemme yksityiseen ja tarjoamme mahdollisuuden vaikuttaa tietojen k\u00e4sittelyyn. Verkkosivustomme ker\u00e4\u00e4 k\u00e4ytt\u00e4j\u00e4tietoa, joka on tarkoitettu sivuston kehitt\u00e4mist\u00e4, markkinointia, k\u00e4ytett\u00e4vyytt\u00e4 ja tilastointia varten. Tiedon avulla on tarkoitus tehd\u00e4 verkkosivustomme k\u00e4yt\u00f6st\u00e4 k\u00e4ytt\u00e4jille mahdollisimman sujuvaa.<\/p>\n\n<p><\/p>\n\n<p><strong>1. Rekisterinpit\u00e4j\u00e4<\/strong><br \/>Nimi: Vuokatin Katinkulma Oy<br \/>Y-tunnus: 1543495-2<br \/>Postiosoite: J\u00e4\u00e4ti\u00f6ntie 28, 88610 Vuokatti<\/p>\n\n<p><strong>2. Rekisteriasioista vastaava henkil\u00f6<br \/><\/strong>Nimi: Markku Laanti<br \/>Postiosoite: J\u00e4\u00e4ti\u00f6ntie 28, 88610 Vuokatti<br \/>S\u00e4hk\u00f6posti: markku.laanti@vuokatinaateli.fi<\/p>\n\n<p><strong>3. Rekisterin nimi<\/strong><br \/>Vuokatin Katinkulma Oy:n asiakasrekisteri.<\/p>\n\n<p><strong>4. Henkil\u00f6tietojen k\u00e4sittelyn tarkoitus<br \/><\/strong>Henkil\u00f6n tietoja voidaan k\u00e4sitell\u00e4 seuraavia tarkoituksia varten:<\/p>\n\n<ul class=\"wp-block-list\">\n<li>Markkinointi (mik\u00e4li asiakas on antanut t\u00e4h\u00e4n erikseen suostumuksensa).<\/li>\n\n\n\n<li>Asiakassuhteen hoitaminen sek\u00e4 asiakasyhteydenpito<\/li>\n<\/ul>\n\n<p><strong>5. Rekisterin tietosis\u00e4lt\u00f6<br \/><\/strong>Rekisteri voi sis\u00e4lt\u00e4\u00e4 seuraavia tietoja:<\/p>\n\n<ul class=\"wp-block-list\">\n<li>Yhteystiedot: nimi, osoite, puhelinnumero, s\u00e4hk\u00f6postiosoite, kotimaa sek\u00e4 yritys.<\/li>\n<\/ul>\n\n<p><strong>6. Henkil\u00f6tietojen s\u00e4ilytys<br \/><\/strong>Henkil\u00f6tietoja s\u00e4ilytet\u00e4\u00e4n Krow Digital Oy:n j\u00e4rjestelmiss\u00e4, Louhi Networks Oy:n palvelimilla. <br \/><br \/><strong>7. S\u00e4\u00e4nn\u00f6nmukaiset tietol\u00e4hteet<br \/><\/strong>Asiakasta koskevat tiedot saadaan s\u00e4\u00e4nn\u00f6nmukaisesti:<\/p>\n\n<ul class=\"wp-block-list\">\n<li>K\u00e4ytt\u00e4j\u00e4lt\u00e4 itselt\u00e4\u00e4n verkkopalvelussa olevan lomakedatan kautta.<\/li>\n\n\n\n<li>Sivusto sis\u00e4lt\u00e4\u00e4 kolmansien osapuolten (kumppanuuksien) ev\u00e4steit\u00e4, jotka ovat mittaus- ja seurantapalveluiden vuoksi sivustolla. Kolmannet osapuolet voivat asettaa ev\u00e4steit\u00e4 p\u00e4\u00e4telaitteellesi vieraillessasi sivustolla. Ev\u00e4steet ker\u00e4\u00e4v\u00e4t p\u00e4\u00e4asiassa teknist\u00e4 tietoa. Ev\u00e4steiden k\u00e4yt\u00f6st\u00e4 sivustolla on erillinen maininta, joka on k\u00e4ytt\u00e4j\u00e4n hyv\u00e4ksytt\u00e4viss\u00e4.<\/li>\n<\/ul>\n\n<p>Mit\u00e4 ev\u00e4steet ovat?<br \/>Ev\u00e4steet ovat pieni\u00e4 tekstitiedostoja. Selain poistaa ev\u00e4steet voimassaoloajan kuluttua. Voit hallita vapaasti sivulta mahdollisesti tulevia ev\u00e4steit\u00e4. Ev\u00e4ste antaa tiedon palvelimelle, miten sivustoa on k\u00e4ytetty sivustolla vierailun aikana. Ev\u00e4ste varmistaa esimerkiksi k\u00e4ytt\u00e4j\u00e4n tekem\u00e4n kielivalinnan tallennuksen.<\/p>\n\n<p>Google Analytics<br \/>Sivustomme k\u00e4ytt\u00e4\u00e4 Google Analyticsia, jonka avulla kootaan tilastollista analytiikkaa verkkosivuvierailuista. T\u00e4t\u00e4 kautta ei ker\u00e4t\u00e4 yksil\u00f6it\u00e4v\u00e4\u00e4 tietoa k\u00e4ytt\u00e4jist\u00e4.<\/p>\n\n<p>Ev\u00e4steiden ja analytiikan kautta ker\u00e4tt\u00e4v\u00e4t henkil\u00f6tiedot K\u00e4vij\u00e4tilastointi ja -seuranta on selaimen ja internetyhteyden v\u00e4litt\u00e4m\u00e4\u00e4 informaatiota, joka ei v\u00e4lit\u00e4 tietoa, joka yksil\u00f6i k\u00e4vij\u00e4n henkil\u00f6n\u00e4. Tietoa ei my\u00f6sk\u00e4\u00e4n k\u00e4sitell\u00e4 tai miss\u00e4\u00e4n vaiheessa yhdistell\u00e4 siten, ett\u00e4 tiedosta tulisi k\u00e4vij\u00e4\u00e4 yksil\u00f6iv\u00e4\u00e4.<\/p>\n\n<p><strong>8. Tietojen s\u00e4\u00e4nn\u00f6nmukaiset luovutukset<\/strong><\/p>\n\n<ul class=\"wp-block-list\">\n<li>Tietoja ei k\u00e4ytet\u00e4 markkinointitoimenpiteisiin ilman, ett\u00e4 asiakas on antanut t\u00e4h\u00e4n erikseen suostumuksensa.<\/li>\n\n\n\n<li>Tietoja ei s\u00e4\u00e4nn\u00f6nmukaisesti siirret\u00e4 tai luovuteta EU:n tai Euroopan talousalueen ulkopuolelle, pois lukien kohdassa 7 esitettyjen, mandollisesti k\u00e4yt\u00f6ss\u00e4 olevien ulkopuolisten palveluiden ker\u00e4\u00e4m\u00e4 data.<\/li>\n<\/ul>\n\n<p><strong>9. Tietojen siirto EU:n tai Euroopan talousalueen ulkopuolelle<\/strong><\/p>\n\n<ul class=\"wp-block-list\">\n<li>Tietoja ei s\u00e4\u00e4nn\u00f6nmukaisesti siirret\u00e4 tai luovuteta EU:n tai Euroopan talousalueen ulkopuolelle, poislukien kohdassa 7 esitettyjen, mandollisesti k\u00e4yt\u00f6ss\u00e4 olevien ulkopuolisten palveluiden ker\u00e4\u00e4m\u00e4 data.<\/li>\n<\/ul>\n\n<p><strong>10. Asiakkaan oikeudet<br \/><\/strong>Tarkastus- ja oikaisuoikeus sek\u00e4 oikeus tulla unohdetuksi<\/p>\n\n<ul class=\"wp-block-list\">\n<li>Asiakkaalla on oikeus tarkistaa h\u00e4nt\u00e4 koskevat rekisteriin tallennetut tiedot.<\/li>\n\n\n\n<li>Jos tiedoissa on virheit\u00e4 tai asiakas haluaa poistaa tietonsa rekisterist\u00e4, h\u00e4n voi esitt\u00e4\u00e4 kohdassa 2. mainitulle rekisteriasioista vastaavalle henkil\u00f6lle asian korjaamista koskevan pyynn\u00f6n.<\/li>\n<\/ul>\n\n<p><strong>11. Rekisterin suojauksen periaatteet<br \/><\/strong>Manuaalinen aineisto<\/p>\n\n<ul class=\"wp-block-list\">\n<li>Manuaalista aineistoa ei ole.<\/li>\n<\/ul>\n\n<p>S\u00e4hk\u00f6isesti tallennetut tiedot<\/p>\n\n<ul class=\"wp-block-list\">\n<li>Henkil\u00f6tiedot s\u00e4ilytet\u00e4\u00e4n luottamuksellisina. Laitteisto, jolla rekisteri sijaitsee, on suojattu palomuurilla, s\u00e4\u00e4nn\u00f6llisill\u00e4 varmuuskopioinneilla sek\u00e4 muilla henkil\u00f6datan suojaamiseen sek\u00e4 turvalliseen s\u00e4ilytt\u00e4miseen tarvittavilla teknisill\u00e4 toimenpiteill\u00e4.<\/li>\n<\/ul>\n\n<div style=\"height:150px\" aria-hidden=\"true\" class=\"wp-block-spacer\"><\/div>\n\n<h2 class=\"has-small-font-size wp-block-heading\">Tallentavan kameravalvonnan rekisteriseloste<\/h2>\n\n<p><strong>1. Rekisterinpit\u00e4j\u00e4<\/strong><br \/>Nimi: Vuokatin Katinkulma Oy (Vuokatin Aateli)<br \/>Y-tunnus: 1543495-2<br \/>Postiosoite: J\u00e4\u00e4ti\u00f6ntie 28, 88610 Vuokatti<\/p>\n\n<p><strong>2. Rekisteriasioista vastaava henkil\u00f6<br \/><\/strong>Nimi: Markku Laanti<br \/>Postiosoite: J\u00e4\u00e4ti\u00f6ntie 28, 88610 Vuokatti<br \/>S\u00e4hk\u00f6posti: markku.laanti@vuokatinaateli.fi<\/p>\n\n<p><strong>3. Rekisterin nimi<\/strong><br \/>Kameravalvontarekisteri (Vuokatin Aatelin hotelli ja huvilat)<\/p>\n\n<p><strong>4. Henkil\u00f6tietojen k\u00e4sittelyn tarkoitus<br \/><\/strong><\/p>\n\n<p>Ensisijaisesti kameravalvonnan tavoite on alueen toimintojen seuraaminen, sek\u00e4 rikosten- ja ilkivallan ennaltaehk\u00e4iseminen. Tavoitteena on my\u00f6s omistajien ja vierailijoiden turvallisuuden ja oikeusturvan takaaminen sek\u00e4 kiinteist\u00f6jen ja yritysten hallussa olevan omaisuuden suojaaminen. Rekisteritietoja k\u00e4ytet\u00e4\u00e4n rikos- ja<br \/>vahinkotapahtumien selvittelyyn sek\u00e4 tarvittaessa tiloissa ja alueella liikkuneiden henkil\u00f6iden tunnistamiseen.<\/p>\n\n<p><strong>5. Rekisterin tietosis\u00e4lt\u00f6<\/strong><\/p>\n\n<p>Rekisteriin tallentuvat tiedot kameroiden valvonta-alueella liikkuvista henkil\u00f6ist\u00e4.<br \/>Kuvan lis\u00e4ksi rekisteriin tallentuu tapahtumien p\u00e4iv\u00e4m\u00e4\u00e4r\u00e4 ja kellonaika.<br \/>Henkil\u00f6iden puhetta ei tallenneta.<br \/>Kuvattavassa kiinteist\u00f6iss\u00e4 ja sen piha-alueelle saavuttaessa on kameravalvonnasta ilmoittava kyltti, esim.<br \/>\u201dTallentava kameravalvonta\u201d.<\/p>\n\n<p><strong>6. S\u00e4\u00e4nn\u00f6nmukaiset tietol\u00e4hteet<\/strong><\/p>\n\n<p>Rekisteri muodostuu kiinteist\u00f6n omistajan tarpeellisiksi katsomiin paikkoihin sijoittamien kameroiden v\u00e4litt\u00e4m\u00e4st\u00e4 digitaalisesta tallenteesta.<\/p>\n\n<p><strong>7. S\u00e4\u00e4nn\u00f6nmukaiset tietojen luovutukset ja tietojen siirto EU:n tai Euroopan talousalueen ulkopuolelle<\/strong><\/p>\n\n<p>Kameravalvonnan rekisterin tietoja ei luovuteta s\u00e4\u00e4nn\u00f6llisesti minnek\u00e4\u00e4n.<br \/>Tietoja voidaan luovuttaa poliisiviranomaisille rikosten tutkintaa varten.<br \/>Tietoja ei siirret\u00e4 EU:n tai Euroopan talousalueen ulkopuolelle.<\/p>\n\n<p><strong>8.<\/strong> <strong>Rekisterin suojauksen periaatteet<\/strong><\/p>\n\n<p>Tallentimet ja tallentuva materiaali sijaitsevat lukituissa tiloissa joihin p\u00e4\u00e4syoikeudet on vain nimetyill\u00e4 henkil\u00f6ill\u00e4. Materiaalin k\u00e4sittelyoikeus on nimetyill\u00e4 henkil\u00f6ill\u00e4 ja vaatii henkil\u00f6kohtaisen tunnus\/salasanayhdistelm\u00e4n joka<br \/>on tiedossa vain teht\u00e4v\u00e4\u00e4n nimetyill\u00e4 henkil\u00f6ill\u00e4.<br \/>Tietoja s\u00e4ilytet\u00e4\u00e4n tarpeelliseksi katsottu aika. Keskim\u00e4\u00e4rin 1 viikko. Tallenneaika vaihtelee tallennetilan t\u00e4yttymisen mukaan.<br \/>Tallenne voidaan s\u00e4ilytt\u00e4\u00e4 m\u00e4\u00e4r\u00e4ajan j\u00e4lkeen, jos se on tarpeen ennen m\u00e4\u00e4r\u00e4ajan loppua selvitett\u00e4v\u00e4ksi tulleen<br \/>rikosep\u00e4ilyn, h\u00e4irinn\u00e4n, ahdisteluun, ep\u00e4asialliseen k\u00e4yt\u00f6ksen, vaaratilanteen, onnettomuuteen, ty\u00f6tapaturman tai ty\u00f6turvallisuusasian k\u00e4sittelyn loppuunsaattamiseksi.<br \/>Laitteet, tallenteet ja ohjelmistot on suojattu k\u00e4ytt\u00e4j\u00e4tunnuksella ja salasanalla.<\/p>\n\n<ul class=\"wp-block-list\">\n<li><\/li>\n<\/ul>\n","protected":false},"excerpt":{"rendered":"<p>Rekisteri- ja tietosuojaseloste &#8211; TravelNet-verkkokauppa ja -varausj\u00e4rjestelm\u00e4 Vuokatin Aatelille (Vuokatin Katinkulma Oy) yksityisyyden suoja on ensiarvoisen t\u00e4rke\u00e4\u00e4. T\u00e4ss\u00e4 dokumentissa kerrotaan niist\u00e4 periaatteista ja rekister\u00f6idyn oikeuksista, joita Vuokatin Aateli noudattaa henkil\u00f6tietojen k\u00e4sittelyss\u00e4. K\u00e4ytt\u00e4m\u00e4ll\u00e4 Vuokatin Aatelin tarjoamia palveluita k\u00e4ytt\u00e4j\u00e4 hyv\u00e4ksyy t\u00e4m\u00e4n tietoselosteen ehdot itse\u00e4\u00e4n koskeviksi. 1. Rekisterinpit\u00e4j\u00e4Nimi: Vuokatin Katinkulma OyY-tunnus: 1543495-2Postiosoite: J\u00e4\u00e4ti\u00f6ntie 28, 88610 Vuokatti 2. Rekisteriasioista [&hellip;]<\/p>\n","protected":false},"author":1,"featured_media":0,"parent":0,"menu_order":0,"comment_status":"closed","ping_status":"closed","template":"","meta":{"_acf_changed":false,"footnotes":""},"class_list":["post-3855","page","type-page","status-publish","hentry"],"acf":[],"_links":{"self":[{"href":"https:\/\/majoitus.vuokatinaateli.fi\/en\/wp-json\/wp\/v2\/pages\/3855","targetHints":{"allow":["GET"]}}],"collection":[{"href":"https:\/\/majoitus.vuokatinaateli.fi\/en\/wp-json\/wp\/v2\/pages"}],"about":[{"href":"https:\/\/majoitus.vuokatinaateli.fi\/en\/wp-json\/wp\/v2\/types\/page"}],"author":[{"embeddable":true,"href":"https:\/\/majoitus.vuokatinaateli.fi\/en\/wp-json\/wp\/v2\/users\/1"}],"replies":[{"embeddable":true,"href":"https:\/\/majoitus.vuokatinaateli.fi\/en\/wp-json\/wp\/v2\/comments?post=3855"}],"version-history":[{"count":2,"href":"https:\/\/majoitus.vuokatinaateli.fi\/en\/wp-json\/wp\/v2\/pages\/3855\/revisions"}],"predecessor-version":[{"id":7389,"href":"https:\/\/majoitus.vuokatinaateli.fi\/en\/wp-json\/wp\/v2\/pages\/3855\/revisions\/7389"}],"wp:attachment":[{"href":"https:\/\/majoitus.vuokatinaateli.fi\/en\/wp-json\/wp\/v2\/media?parent=3855"}],"curies":[{"name":"wp","href":"https:\/\/api.w.org\/{rel}","templated":true}]}}