{"id":3887,"date":"2022-08-02T19:48:23","date_gmt":"2022-08-02T16:48:23","guid":{"rendered":"https:\/\/majoitus.vuokatinaateli.fi\/lemmikkiystavallinen-majoitus-vuokatissa\/"},"modified":"2024-06-17T12:36:22","modified_gmt":"2024-06-17T09:36:22","slug":"pet-friendly-accommodation","status":"publish","type":"page","link":"https:\/\/majoitus.vuokatinaateli.fi\/en\/pet-friendly-accommodation\/","title":{"rendered":"Pet-friendly accommodation"},"content":{"rendered":"\n<div style=\"height:10vh\" aria-hidden=\"true\" class=\"wp-block-spacer\"><\/div>\n\n\n\n<h2 class=\"wp-block-heading has-text-align-center\">The whole family on holiday<\/h2>\n\n\n\n<p class=\"has-text-align-center\">We welcome pets in these accommodations<\/p>\n\n\n\n<div style=\"height:4vh\" aria-hidden=\"true\" class=\"wp-block-spacer\"><\/div>\n\n\n\n<div id=\"link-block_b0283f42a224684796c37f52e72352cc\" class=\"links-block\">\n\n\t<div class=\"links-block__filters\">\n\n\t\t\t\t\t\t\t\t\t<button aria-controls=\"links-area-link-block_b0283f42a224684796c37f52e72352cc\" aria-pressed=\"false\" data-link=\"3794\">Aatelin Linna &#8211; Karl<\/button>\n\t\t\t\t\t\t\t<button aria-controls=\"links-area-link-block_b0283f42a224684796c37f52e72352cc\" aria-pressed=\"false\" data-link=\"3828\">Ritari<\/button>\n\t\t\t\t\t\t\t<button aria-controls=\"links-area-link-block_b0283f42a224684796c37f52e72352cc\" aria-pressed=\"false\" data-link=\"3812\">Amiraali IV<\/button>\n\t\t\t\t\t\t\t<button aria-controls=\"links-area-link-block_b0283f42a224684796c37f52e72352cc\" aria-pressed=\"false\" data-link=\"5418\">Hotel Aateli Lakeside Family room with separate bedroom<\/button>\n\t\t\t\t\t\t\t<button aria-controls=\"links-area-link-block_b0283f42a224684796c37f52e72352cc\" aria-pressed=\"false\" data-link=\"3820\">Tsaari<\/button>\n\t\t\t\t\t\t\t<button aria-controls=\"links-area-link-block_b0283f42a224684796c37f52e72352cc\" aria-pressed=\"false\" data-link=\"3814\">Prinsessa<\/button>\n\t\t\t\t\t\t\t<button aria-controls=\"links-area-link-block_b0283f42a224684796c37f52e72352cc\" aria-pressed=\"false\" data-link=\"3832\">Herttuatar<\/button>\n\t\t\t\t\t\t\t<button aria-controls=\"links-area-link-block_b0283f42a224684796c37f52e72352cc\" aria-pressed=\"false\" data-link=\"3691\">Markiisitar<\/button>\n\t\t\t\t\t\t\t<button aria-controls=\"links-area-link-block_b0283f42a224684796c37f52e72352cc\" aria-pressed=\"false\" data-link=\"3800\">Amiraali I<\/button>\n\t\t\t\t\t\t\t<button aria-controls=\"links-area-link-block_b0283f42a224684796c37f52e72352cc\" aria-pressed=\"false\" data-link=\"3696\">Aatelin Linna &#8211; Magnus<\/button>\n\t\t\t\t\t\t\t<button aria-controls=\"links-area-link-block_b0283f42a224684796c37f52e72352cc\" aria-pressed=\"false\" data-link=\"3818\">The Aateli Island<\/button>\n\t\t\t\t\t\t<\/div><!-- .links-block__filters -->\n\n\t<div id=\"links-area-link-block_b0283f42a224684796c37f52e72352cc\" class=\"links-block__content\">\n\n\t\t\t\t\t\t\t\t\t\n\t\t\t\t<div class=\"links-block__content__link\" id=\"link-3794\">\n\t\t\t\t\t<div class=\"links-block__content__link__text\">\n\t\t\t\t\t\t\t\t\t\t\t\t\t<h3>Aatelin Linna &#8211; Karl<\/h3>\n\t\t\t\t\t\t\n\t\t\t\t\t\t\t\t\t\t\t\t\t<p>Karl is a unique three-bedroom apartment occupying one end of the building. <\/p>\n\t\t\t\t\t\t\n\t\t\t\t\t\t\t\t\t\t\t\t\t<a href=\"https:\/\/majoitus.vuokatinaateli.fi\/en\/rental\/aatelin-linna-karl\/\">Explore<\/a>\n\t\t\t\t\t\t\t\t\t\t\t<\/div><!-- .links-block__content__link__text -->\n\n\t\t\t\t\t\t\t\t\t\t\t<div class=\"links-block__content__link__image\">\n\t\t\t\t\t\t\t\t\t\t\t\t\t\t\t<img decoding=\"async\" src=\"https:\/\/majoitus.vuokatinaateli.fi\/wp-content\/uploads\/2022\/04\/aatelin-linna-huoneistot-kesa-vuokatti.jpg\"\n\t\t\t\t\t\t\t\t\tloading=\"lazy\"\n\t\t\t\t\t\t\t\t\twidth=\"1499\"\n\t\t\t\t\t\t\t\t\theight=\"1034\"\n\t\t\t\t\t\t\t\t\tsrcset=\"https:\/\/majoitus.vuokatinaateli.fi\/wp-content\/uploads\/2022\/04\/aatelin-linna-huoneistot-kesa-vuokatti-300x207.jpg 300w, https:\/\/majoitus.vuokatinaateli.fi\/wp-content\/uploads\/2022\/04\/aatelin-linna-huoneistot-kesa-vuokatti-1024x706.jpg 1024w, https:\/\/majoitus.vuokatinaateli.fi\/wp-content\/uploads\/2022\/04\/aatelin-linna-huoneistot-kesa-vuokatti-768x530.jpg 768w, https:\/\/majoitus.vuokatinaateli.fi\/wp-content\/uploads\/2022\/04\/aatelin-linna-huoneistot-kesa-vuokatti.jpg 1499w\"\n\t\t\t\t\t\t\t\t\talt=\"\" \/>\n\t\t\t\t\t\t\t\t\t\t\t\t\t<\/div><!-- .links-block__content__link__image -->\n\t\t\t\t\t\n\t\t\t\t\t\n\t\t\t\t<\/div><!-- .links-block__content__link -->\n\t\t\t\t\t\t\t\n\t\t\t\t<div class=\"links-block__content__link\" id=\"link-3828\">\n\t\t\t\t\t<div class=\"links-block__content__link__text\">\n\t\t\t\t\t\t\t\t\t\t\t\t\t<h3>Ritari<\/h3>\n\t\t\t\t\t\t\n\t\t\t\t\t\t\t\t\t\t\t\t\t<p>Holiday apartment Ritari (Knight) is situated in an excellent location, right in the heart of the Vuokatti slopes.<\/p>\n\t\t\t\t\t\t\n\t\t\t\t\t\t\t\t\t\t\t\t\t<a href=\"https:\/\/majoitus.vuokatinaateli.fi\/en\/rental\/ritari\/\">Explore<\/a>\n\t\t\t\t\t\t\t\t\t\t\t<\/div><!-- .links-block__content__link__text -->\n\n\t\t\t\t\t\t\t\t\t\t\t<div class=\"links-block__content__link__image\">\n\t\t\t\t\t\t\t\t\t\t\t\t\t\t\t<img decoding=\"async\" src=\"https:\/\/majoitus.vuokatinaateli.fi\/wp-content\/uploads\/2021\/12\/Photo-2022-06-10-1.27.59-PM-rotated.jpg\"\n\t\t\t\t\t\t\t\t\tloading=\"lazy\"\n\t\t\t\t\t\t\t\t\twidth=\"1200\"\n\t\t\t\t\t\t\t\t\theight=\"1600\"\n\t\t\t\t\t\t\t\t\tsrcset=\"https:\/\/majoitus.vuokatinaateli.fi\/wp-content\/uploads\/2021\/12\/Photo-2022-06-10-1.27.59-PM-225x300.jpg 225w, https:\/\/majoitus.vuokatinaateli.fi\/wp-content\/uploads\/2021\/12\/Photo-2022-06-10-1.27.59-PM-768x1024.jpg 768w, https:\/\/majoitus.vuokatinaateli.fi\/wp-content\/uploads\/2021\/12\/Photo-2022-06-10-1.27.59-PM-1152x1536.jpg 1152w, https:\/\/majoitus.vuokatinaateli.fi\/wp-content\/uploads\/2021\/12\/Photo-2022-06-10-1.27.59-PM-rotated.jpg 1200w\"\n\t\t\t\t\t\t\t\t\talt=\"Ritari_edesta\" \/>\n\t\t\t\t\t\t\t\t\t\t\t\t\t<\/div><!-- .links-block__content__link__image -->\n\t\t\t\t\t\n\t\t\t\t\t\n\t\t\t\t<\/div><!-- .links-block__content__link -->\n\t\t\t\t\t\t\t\n\t\t\t\t<div class=\"links-block__content__link\" id=\"link-3812\">\n\t\t\t\t\t<div class=\"links-block__content__link__text\">\n\t\t\t\t\t\t\t\t\t\t\t\t\t<h3>Amiraali IV<\/h3>\n\t\t\t\t\t\t\n\t\t\t\t\t\t\t\t\t\t\t\t\t<p>Beautiful apartment by the Vuokatti slopes.<\/p>\n\t\t\t\t\t\t\n\t\t\t\t\t\t\t\t\t\t\t\t\t<a href=\"https:\/\/majoitus.vuokatinaateli.fi\/en\/rental\/amiraali-iv\/\">Explore<\/a>\n\t\t\t\t\t\t\t\t\t\t\t<\/div><!-- .links-block__content__link__text -->\n\n\t\t\t\t\t\t\t\t\t\t\t<div class=\"links-block__content__link__image\">\n\t\t\t\t\t\t\t\t\t\t\t\t\t\t\t<img decoding=\"async\" src=\"https:\/\/majoitus.vuokatinaateli.fi\/wp-content\/uploads\/2022\/04\/amiraali-iv-olohuone-mokki-majoitus-vuokatti-min-1600x1067.jpg\"\n\t\t\t\t\t\t\t\t\tloading=\"lazy\"\n\t\t\t\t\t\t\t\t\twidth=\"1600\"\n\t\t\t\t\t\t\t\t\theight=\"1067\"\n\t\t\t\t\t\t\t\t\tsrcset=\"https:\/\/majoitus.vuokatinaateli.fi\/wp-content\/uploads\/2022\/04\/amiraali-iv-olohuone-mokki-majoitus-vuokatti-min-300x200.jpg 300w, https:\/\/majoitus.vuokatinaateli.fi\/wp-content\/uploads\/2022\/04\/amiraali-iv-olohuone-mokki-majoitus-vuokatti-min-1024x683.jpg 1024w, https:\/\/majoitus.vuokatinaateli.fi\/wp-content\/uploads\/2022\/04\/amiraali-iv-olohuone-mokki-majoitus-vuokatti-min-768x512.jpg 768w, https:\/\/majoitus.vuokatinaateli.fi\/wp-content\/uploads\/2022\/04\/amiraali-iv-olohuone-mokki-majoitus-vuokatti-min-1536x1024.jpg 1536w, https:\/\/majoitus.vuokatinaateli.fi\/wp-content\/uploads\/2022\/04\/amiraali-iv-olohuone-mokki-majoitus-vuokatti-min-1600x1067.jpg 1600w, https:\/\/majoitus.vuokatinaateli.fi\/wp-content\/uploads\/2022\/04\/amiraali-iv-olohuone-mokki-majoitus-vuokatti-min.jpg 1800w\"\n\t\t\t\t\t\t\t\t\talt=\"amiraali4 m\u00f6kki olohuone majoitus vuokatti\" \/>\n\t\t\t\t\t\t\t\t\t\t\t\t\t<\/div><!-- .links-block__content__link__image -->\n\t\t\t\t\t\n\t\t\t\t\t\n\t\t\t\t<\/div><!-- .links-block__content__link -->\n\t\t\t\t\t\t\t\n\t\t\t\t<div class=\"links-block__content__link\" id=\"link-5418\">\n\t\t\t\t\t<div class=\"links-block__content__link__text\">\n\t\t\t\t\t\t\t\t\t\t\t\t\t<h3>Hotel Aateli Lakeside Family room with separate bedroom<\/h3>\n\t\t\t\t\t\t\n\t\t\t\t\t\t\t\t\t\t\t\t\t<p>The cosy family room at Hotel Aateli Lakeside provides a comfortable space to enjoy a holiday with the whole family. The price includes breakfast buffet, gym, wi-fi and parking.<\/p>\n\t\t\t\t\t\t\n\t\t\t\t\t\t\t\t\t\t\t\t\t<a href=\"https:\/\/majoitus.vuokatinaateli.fi\/en\/hotel\/hotel-aateli-lakeside-family-room-with-separate-bedroom\/\">Explore<\/a>\n\t\t\t\t\t\t\t\t\t\t\t<\/div><!-- .links-block__content__link__text -->\n\n\t\t\t\t\t\t\t\t\t\t\t<div class=\"links-block__content__link__image\">\n\t\t\t\t\t\t\t\t\t\t\t\t\t\t\t<img decoding=\"async\" src=\"https:\/\/majoitus.vuokatinaateli.fi\/wp-content\/uploads\/2023\/10\/perhehuone-joo-1600x1067-1.jpg\"\n\t\t\t\t\t\t\t\t\tloading=\"lazy\"\n\t\t\t\t\t\t\t\t\twidth=\"1600\"\n\t\t\t\t\t\t\t\t\theight=\"1067\"\n\t\t\t\t\t\t\t\t\tsrcset=\"https:\/\/majoitus.vuokatinaateli.fi\/wp-content\/uploads\/2023\/10\/perhehuone-joo-1600x1067-1-300x200.jpg 300w, https:\/\/majoitus.vuokatinaateli.fi\/wp-content\/uploads\/2023\/10\/perhehuone-joo-1600x1067-1-1024x683.jpg 1024w, https:\/\/majoitus.vuokatinaateli.fi\/wp-content\/uploads\/2023\/10\/perhehuone-joo-1600x1067-1-768x512.jpg 768w, https:\/\/majoitus.vuokatinaateli.fi\/wp-content\/uploads\/2023\/10\/perhehuone-joo-1600x1067-1-1536x1024.jpg 1536w, https:\/\/majoitus.vuokatinaateli.fi\/wp-content\/uploads\/2023\/10\/perhehuone-joo-1600x1067-1.jpg 1600w\"\n\t\t\t\t\t\t\t\t\talt=\"\" \/>\n\t\t\t\t\t\t\t\t\t\t\t\t\t<\/div><!-- .links-block__content__link__image -->\n\t\t\t\t\t\n\t\t\t\t\t\n\t\t\t\t<\/div><!-- .links-block__content__link -->\n\t\t\t\t\t\t\t\n\t\t\t\t<div class=\"links-block__content__link\" id=\"link-3820\">\n\t\t\t\t\t<div class=\"links-block__content__link__text\">\n\t\t\t\t\t\t\t\t\t\t\t\t\t<h3>Tsaari<\/h3>\n\t\t\t\t\t\t\n\t\t\t\t\t\t\t\t\t\t\t\t\t<p>Spacious 200 square metre Tsaari-villa is located in the heart of Vuokatti slopes!<\/p>\n\t\t\t\t\t\t\n\t\t\t\t\t\t\t\t\t\t\t\t\t<a href=\"https:\/\/majoitus.vuokatinaateli.fi\/en\/rental\/tsaari\/\">Explore<\/a>\n\t\t\t\t\t\t\t\t\t\t\t<\/div><!-- .links-block__content__link__text -->\n\n\t\t\t\t\t\t\t\t\t\t\t<div class=\"links-block__content__link__image\">\n\t\t\t\t\t\t\t\t\t\t\t\t\t\t\t<img decoding=\"async\" src=\"https:\/\/majoitus.vuokatinaateli.fi\/wp-content\/uploads\/2022\/04\/tsaari-olohuone-takka-mokki-vuokatti-majoitus-min-1600x1067.jpg\"\n\t\t\t\t\t\t\t\t\tloading=\"lazy\"\n\t\t\t\t\t\t\t\t\twidth=\"1600\"\n\t\t\t\t\t\t\t\t\theight=\"1067\"\n\t\t\t\t\t\t\t\t\tsrcset=\"https:\/\/majoitus.vuokatinaateli.fi\/wp-content\/uploads\/2022\/04\/tsaari-olohuone-takka-mokki-vuokatti-majoitus-min-300x200.jpg 300w, https:\/\/majoitus.vuokatinaateli.fi\/wp-content\/uploads\/2022\/04\/tsaari-olohuone-takka-mokki-vuokatti-majoitus-min-1024x683.jpg 1024w, https:\/\/majoitus.vuokatinaateli.fi\/wp-content\/uploads\/2022\/04\/tsaari-olohuone-takka-mokki-vuokatti-majoitus-min-768x512.jpg 768w, https:\/\/majoitus.vuokatinaateli.fi\/wp-content\/uploads\/2022\/04\/tsaari-olohuone-takka-mokki-vuokatti-majoitus-min-1536x1024.jpg 1536w, https:\/\/majoitus.vuokatinaateli.fi\/wp-content\/uploads\/2022\/04\/tsaari-olohuone-takka-mokki-vuokatti-majoitus-min-1600x1067.jpg 1600w, https:\/\/majoitus.vuokatinaateli.fi\/wp-content\/uploads\/2022\/04\/tsaari-olohuone-takka-mokki-vuokatti-majoitus-min.jpg 1800w\"\n\t\t\t\t\t\t\t\t\talt=\"tsaari olohuone takka biljardip\u00f6yt\u00e4 m\u00f6kki majoitus vuokatti\" \/>\n\t\t\t\t\t\t\t\t\t\t\t\t\t<\/div><!-- .links-block__content__link__image -->\n\t\t\t\t\t\n\t\t\t\t\t\n\t\t\t\t<\/div><!-- .links-block__content__link -->\n\t\t\t\t\t\t\t\n\t\t\t\t<div class=\"links-block__content__link\" id=\"link-3814\">\n\t\t\t\t\t<div class=\"links-block__content__link__text\">\n\t\t\t\t\t\t\t\t\t\t\t\t\t<h3>Prinsessa<\/h3>\n\t\t\t\t\t\t\n\t\t\t\t\t\t\t\t\t\t\t\t\t<p>Beautiful 21 square metre apartment for two persons.<\/p>\n\t\t\t\t\t\t\n\t\t\t\t\t\t\t\t\t\t\t\t\t<a href=\"https:\/\/majoitus.vuokatinaateli.fi\/en\/rental\/prinsessa\/\">Explore<\/a>\n\t\t\t\t\t\t\t\t\t\t\t<\/div><!-- .links-block__content__link__text -->\n\n\t\t\t\t\t\t\t\t\t\t\t<div class=\"links-block__content__link__image\">\n\t\t\t\t\t\t\t\t\t\t\t\t\t\t\t<img decoding=\"async\" src=\"https:\/\/majoitus.vuokatinaateli.fi\/wp-content\/uploads\/2022\/04\/prinsessa-olohuone-mokki-vuokatti-min-1600x1067.jpg\"\n\t\t\t\t\t\t\t\t\tloading=\"lazy\"\n\t\t\t\t\t\t\t\t\twidth=\"1600\"\n\t\t\t\t\t\t\t\t\theight=\"1067\"\n\t\t\t\t\t\t\t\t\tsrcset=\"https:\/\/majoitus.vuokatinaateli.fi\/wp-content\/uploads\/2022\/04\/prinsessa-olohuone-mokki-vuokatti-min-300x200.jpg 300w, https:\/\/majoitus.vuokatinaateli.fi\/wp-content\/uploads\/2022\/04\/prinsessa-olohuone-mokki-vuokatti-min-1024x683.jpg 1024w, https:\/\/majoitus.vuokatinaateli.fi\/wp-content\/uploads\/2022\/04\/prinsessa-olohuone-mokki-vuokatti-min-768x512.jpg 768w, https:\/\/majoitus.vuokatinaateli.fi\/wp-content\/uploads\/2022\/04\/prinsessa-olohuone-mokki-vuokatti-min-1536x1024.jpg 1536w, https:\/\/majoitus.vuokatinaateli.fi\/wp-content\/uploads\/2022\/04\/prinsessa-olohuone-mokki-vuokatti-min-1600x1067.jpg 1600w, https:\/\/majoitus.vuokatinaateli.fi\/wp-content\/uploads\/2022\/04\/prinsessa-olohuone-mokki-vuokatti-min.jpg 1800w\"\n\t\t\t\t\t\t\t\t\talt=\"prinsessa vuokatti majoitus makuuhuone paris\u00e4nky\" \/>\n\t\t\t\t\t\t\t\t\t\t\t\t\t<\/div><!-- .links-block__content__link__image -->\n\t\t\t\t\t\n\t\t\t\t\t\n\t\t\t\t<\/div><!-- .links-block__content__link -->\n\t\t\t\t\t\t\t\n\t\t\t\t<div class=\"links-block__content__link\" id=\"link-3832\">\n\t\t\t\t\t<div class=\"links-block__content__link__text\">\n\t\t\t\t\t\t\t\t\t\t\t\t\t<h3>Herttuatar<\/h3>\n\t\t\t\t\t\t\n\t\t\t\t\t\t\t\t\t\t\t\t\t<p>Three-bedroom apartment with ideal location.<\/p>\n\t\t\t\t\t\t\n\t\t\t\t\t\t\t\t\t\t\t\t\t<a href=\"https:\/\/majoitus.vuokatinaateli.fi\/en\/rental\/herttuatar\/\">Explore<\/a>\n\t\t\t\t\t\t\t\t\t\t\t<\/div><!-- .links-block__content__link__text -->\n\n\t\t\t\t\t\t\t\t\t\t\t<div class=\"links-block__content__link__image\">\n\t\t\t\t\t\t\t\t\t\t\t\t\t\t\t<img decoding=\"async\" src=\"https:\/\/majoitus.vuokatinaateli.fi\/wp-content\/uploads\/2021\/12\/Olohuone3.jpg\"\n\t\t\t\t\t\t\t\t\tloading=\"lazy\"\n\t\t\t\t\t\t\t\t\twidth=\"1600\"\n\t\t\t\t\t\t\t\t\theight=\"1200\"\n\t\t\t\t\t\t\t\t\tsrcset=\"https:\/\/majoitus.vuokatinaateli.fi\/wp-content\/uploads\/2021\/12\/Olohuone3-300x225.jpg 300w, https:\/\/majoitus.vuokatinaateli.fi\/wp-content\/uploads\/2021\/12\/Olohuone3-1024x768.jpg 1024w, https:\/\/majoitus.vuokatinaateli.fi\/wp-content\/uploads\/2021\/12\/Olohuone3-768x576.jpg 768w, https:\/\/majoitus.vuokatinaateli.fi\/wp-content\/uploads\/2021\/12\/Olohuone3-1536x1152.jpg 1536w, https:\/\/majoitus.vuokatinaateli.fi\/wp-content\/uploads\/2021\/12\/Olohuone3.jpg 1600w\"\n\t\t\t\t\t\t\t\t\talt=\"Tunnelmallinen olohuone ja takka herttuatar m\u00f6kki vuokatti\" \/>\n\t\t\t\t\t\t\t\t\t\t\t\t\t<\/div><!-- .links-block__content__link__image -->\n\t\t\t\t\t\n\t\t\t\t\t\n\t\t\t\t<\/div><!-- .links-block__content__link -->\n\t\t\t\t\t\t\t\n\t\t\t\t<div class=\"links-block__content__link\" id=\"link-3691\">\n\t\t\t\t\t<div class=\"links-block__content__link__text\">\n\t\t\t\t\t\t\t\t\t\t\t\t\t<h3>Markiisitar<\/h3>\n\t\t\t\t\t\t\n\t\t\t\t\t\t\t\t\t\t\t\t\t<p>Cosy holiday cottage next to ski slopes and nature trails.<\/p>\n\t\t\t\t\t\t\n\t\t\t\t\t\t\t\t\t\t\t\t\t<a href=\"https:\/\/majoitus.vuokatinaateli.fi\/en\/rental\/markiisitar\/\">Explore<\/a>\n\t\t\t\t\t\t\t\t\t\t\t<\/div><!-- .links-block__content__link__text -->\n\n\t\t\t\t\t\t\t\t\t\t\t<div class=\"links-block__content__link__image\">\n\t\t\t\t\t\t\t\t\t\t\t\t\t\t\t<img decoding=\"async\" src=\"https:\/\/majoitus.vuokatinaateli.fi\/wp-content\/uploads\/2022\/08\/Photo-2022-08-26-13.08.38.jpg\"\n\t\t\t\t\t\t\t\t\tloading=\"lazy\"\n\t\t\t\t\t\t\t\t\twidth=\"1600\"\n\t\t\t\t\t\t\t\t\theight=\"1200\"\n\t\t\t\t\t\t\t\t\tsrcset=\"https:\/\/majoitus.vuokatinaateli.fi\/wp-content\/uploads\/2022\/08\/Photo-2022-08-26-13.08.38-300x225.jpg 300w, https:\/\/majoitus.vuokatinaateli.fi\/wp-content\/uploads\/2022\/08\/Photo-2022-08-26-13.08.38-1024x768.jpg 1024w, https:\/\/majoitus.vuokatinaateli.fi\/wp-content\/uploads\/2022\/08\/Photo-2022-08-26-13.08.38-768x576.jpg 768w, https:\/\/majoitus.vuokatinaateli.fi\/wp-content\/uploads\/2022\/08\/Photo-2022-08-26-13.08.38-1536x1152.jpg 1536w, https:\/\/majoitus.vuokatinaateli.fi\/wp-content\/uploads\/2022\/08\/Photo-2022-08-26-13.08.38.jpg 1600w\"\n\t\t\t\t\t\t\t\t\talt=\"Markiisitar rappuset\" \/>\n\t\t\t\t\t\t\t\t\t\t\t\t\t<\/div><!-- .links-block__content__link__image -->\n\t\t\t\t\t\n\t\t\t\t\t\n\t\t\t\t<\/div><!-- .links-block__content__link -->\n\t\t\t\t\t\t\t\n\t\t\t\t<div class=\"links-block__content__link\" id=\"link-3800\">\n\t\t\t\t\t<div class=\"links-block__content__link__text\">\n\t\t\t\t\t\t\t\t\t\t\t\t\t<h3>Amiraali I<\/h3>\n\t\t\t\t\t\t\n\t\t\t\t\t\t\t\t\t\t\t\t\t<p>Admiral apartments are located right by the Vuokatti Slopes.<\/p>\n\t\t\t\t\t\t\n\t\t\t\t\t\t\t\t\t\t\t\t\t<a href=\"https:\/\/majoitus.vuokatinaateli.fi\/en\/rental\/amiraali-i\/\">Explore<\/a>\n\t\t\t\t\t\t\t\t\t\t\t<\/div><!-- .links-block__content__link__text -->\n\n\t\t\t\t\t\t\t\t\t\t\t<div class=\"links-block__content__link__image\">\n\t\t\t\t\t\t\t\t\t\t\t\t\t\t\t<img decoding=\"async\" src=\"https:\/\/majoitus.vuokatinaateli.fi\/wp-content\/uploads\/2022\/04\/amiraali_etupiha-rotated.jpg\"\n\t\t\t\t\t\t\t\t\tloading=\"lazy\"\n\t\t\t\t\t\t\t\t\twidth=\"1200\"\n\t\t\t\t\t\t\t\t\theight=\"1600\"\n\t\t\t\t\t\t\t\t\tsrcset=\"https:\/\/majoitus.vuokatinaateli.fi\/wp-content\/uploads\/2022\/04\/amiraali_etupiha-225x300.jpg 225w, https:\/\/majoitus.vuokatinaateli.fi\/wp-content\/uploads\/2022\/04\/amiraali_etupiha-768x1024.jpg 768w, https:\/\/majoitus.vuokatinaateli.fi\/wp-content\/uploads\/2022\/04\/amiraali_etupiha-1152x1536.jpg 1152w, https:\/\/majoitus.vuokatinaateli.fi\/wp-content\/uploads\/2022\/04\/amiraali_etupiha-rotated.jpg 1200w\"\n\t\t\t\t\t\t\t\t\talt=\"Ami1_edest\u00e4\" \/>\n\t\t\t\t\t\t\t\t\t\t\t\t\t<\/div><!-- .links-block__content__link__image -->\n\t\t\t\t\t\n\t\t\t\t\t\n\t\t\t\t<\/div><!-- .links-block__content__link -->\n\t\t\t\t\t\t\t\n\t\t\t\t<div class=\"links-block__content__link\" id=\"link-3696\">\n\t\t\t\t\t<div class=\"links-block__content__link__text\">\n\t\t\t\t\t\t\t\t\t\t\t\t\t<h3>Aatelin Linna &#8211; Magnus<\/h3>\n\t\t\t\t\t\t\n\t\t\t\t\t\t\t\t\t\t\t\t\t<p>Enjoy the majestic feels spread over three magnificent floors.<\/p>\n\t\t\t\t\t\t\n\t\t\t\t\t\t\t\t\t\t\t\t\t<a href=\"https:\/\/majoitus.vuokatinaateli.fi\/en\/rental\/aatelin-linna-magnus\/\">Explore<\/a>\n\t\t\t\t\t\t\t\t\t\t\t<\/div><!-- .links-block__content__link__text -->\n\n\t\t\t\t\t\t\t\t\t\t\t<div class=\"links-block__content__link__image\">\n\t\t\t\t\t\t\t\t\t\t\t\t\t\t\t<img decoding=\"async\" src=\"https:\/\/majoitus.vuokatinaateli.fi\/wp-content\/uploads\/2022\/04\/aatelin-linna-huoneistot-talvi-majoitus-vuokatti-1600x900.jpg\"\n\t\t\t\t\t\t\t\t\tloading=\"lazy\"\n\t\t\t\t\t\t\t\t\twidth=\"1600\"\n\t\t\t\t\t\t\t\t\theight=\"900\"\n\t\t\t\t\t\t\t\t\tsrcset=\"https:\/\/majoitus.vuokatinaateli.fi\/wp-content\/uploads\/2022\/04\/aatelin-linna-huoneistot-talvi-majoitus-vuokatti-300x169.jpg 300w, https:\/\/majoitus.vuokatinaateli.fi\/wp-content\/uploads\/2022\/04\/aatelin-linna-huoneistot-talvi-majoitus-vuokatti-1024x576.jpg 1024w, https:\/\/majoitus.vuokatinaateli.fi\/wp-content\/uploads\/2022\/04\/aatelin-linna-huoneistot-talvi-majoitus-vuokatti-768x432.jpg 768w, https:\/\/majoitus.vuokatinaateli.fi\/wp-content\/uploads\/2022\/04\/aatelin-linna-huoneistot-talvi-majoitus-vuokatti-1536x864.jpg 1536w, https:\/\/majoitus.vuokatinaateli.fi\/wp-content\/uploads\/2022\/04\/aatelin-linna-huoneistot-talvi-majoitus-vuokatti-1600x900.jpg 1600w, https:\/\/majoitus.vuokatinaateli.fi\/wp-content\/uploads\/2022\/04\/aatelin-linna-huoneistot-talvi-majoitus-vuokatti.jpg 1920w\"\n\t\t\t\t\t\t\t\t\talt=\"\" \/>\n\t\t\t\t\t\t\t\t\t\t\t\t\t<\/div><!-- .links-block__content__link__image -->\n\t\t\t\t\t\n\t\t\t\t\t\n\t\t\t\t<\/div><!-- .links-block__content__link -->\n\t\t\t\t\t\t\t\n\t\t\t\t<div class=\"links-block__content__link\" id=\"link-3818\">\n\t\t\t\t\t<div class=\"links-block__content__link__text\">\n\t\t\t\t\t\t\t\t\t\t\t\t\t<h3>The Aateli Island<\/h3>\n\t\t\t\t\t\t\n\t\t\t\t\t\t\t\t\t\t\t\t\t<p>Paradise island in the middle of beautiful lake sceneries in Vuokatti.<\/p>\n\t\t\t\t\t\t\n\t\t\t\t\t\t\t\t\t\t\t\t\t<a href=\"https:\/\/majoitus.vuokatinaateli.fi\/en\/rental\/the-aateli-island\/\">Explore<\/a>\n\t\t\t\t\t\t\t\t\t\t\t<\/div><!-- .links-block__content__link__text -->\n\n\t\t\t\t\t\t\t\t\t\t\t<div class=\"links-block__content__link__image\">\n\t\t\t\t\t\t\t\t\t\t\t\t\t\t\t<img decoding=\"async\" src=\"https:\/\/majoitus.vuokatinaateli.fi\/wp-content\/uploads\/2022\/04\/the-aateli-island-private-island-villa-rental-vuokatti-finland-min-1600x1098.jpg\"\n\t\t\t\t\t\t\t\t\tloading=\"lazy\"\n\t\t\t\t\t\t\t\t\twidth=\"1600\"\n\t\t\t\t\t\t\t\t\theight=\"1098\"\n\t\t\t\t\t\t\t\t\tsrcset=\"https:\/\/majoitus.vuokatinaateli.fi\/wp-content\/uploads\/2022\/04\/the-aateli-island-private-island-villa-rental-vuokatti-finland-min-300x206.jpg 300w, https:\/\/majoitus.vuokatinaateli.fi\/wp-content\/uploads\/2022\/04\/the-aateli-island-private-island-villa-rental-vuokatti-finland-min-1024x703.jpg 1024w, https:\/\/majoitus.vuokatinaateli.fi\/wp-content\/uploads\/2022\/04\/the-aateli-island-private-island-villa-rental-vuokatti-finland-min-768x527.jpg 768w, https:\/\/majoitus.vuokatinaateli.fi\/wp-content\/uploads\/2022\/04\/the-aateli-island-private-island-villa-rental-vuokatti-finland-min-1536x1054.jpg 1536w, https:\/\/majoitus.vuokatinaateli.fi\/wp-content\/uploads\/2022\/04\/the-aateli-island-private-island-villa-rental-vuokatti-finland-min-1600x1098.jpg 1600w, https:\/\/majoitus.vuokatinaateli.fi\/wp-content\/uploads\/2022\/04\/the-aateli-island-private-island-villa-rental-vuokatti-finland-min.jpg 1749w\"\n\t\t\t\t\t\t\t\t\talt=\"aateli island j\u00e4rvi saari paratiisi mets\u00e4 ranta huvila majoitus vuokatti\" \/>\n\t\t\t\t\t\t\t\t\t\t\t\t\t<\/div><!-- .links-block__content__link__image -->\n\t\t\t\t\t\n\t\t\t\t\t\n\t\t\t\t<\/div><!-- .links-block__content__link -->\n\t\t\t\t\t\n\t<\/div><!-- .links-block__content -->\n\n<\/div>\n\n\n\n<div style=\"height:10vh\" aria-hidden=\"true\" class=\"wp-block-spacer\"><\/div>\n","protected":false},"excerpt":{"rendered":"<p>The whole family on holiday We welcome pets in these accommodations<\/p>\n","protected":false},"author":1,"featured_media":0,"parent":0,"menu_order":0,"comment_status":"closed","ping_status":"closed","template":"","meta":{"_acf_changed":false,"footnotes":""},"class_list":["post-3887","page","type-page","status-publish","hentry"],"acf":[],"_links":{"self":[{"href":"https:\/\/majoitus.vuokatinaateli.fi\/en\/wp-json\/wp\/v2\/pages\/3887","targetHints":{"allow":["GET"]}}],"collection":[{"href":"https:\/\/majoitus.vuokatinaateli.fi\/en\/wp-json\/wp\/v2\/pages"}],"about":[{"href":"https:\/\/majoitus.vuokatinaateli.fi\/en\/wp-json\/wp\/v2\/types\/page"}],"author":[{"embeddable":true,"href":"https:\/\/majoitus.vuokatinaateli.fi\/en\/wp-json\/wp\/v2\/users\/1"}],"replies":[{"embeddable":true,"href":"https:\/\/majoitus.vuokatinaateli.fi\/en\/wp-json\/wp\/v2\/comments?post=3887"}],"version-history":[{"count":5,"href":"https:\/\/majoitus.vuokatinaateli.fi\/en\/wp-json\/wp\/v2\/pages\/3887\/revisions"}],"predecessor-version":[{"id":5466,"href":"https:\/\/majoitus.vuokatinaateli.fi\/en\/wp-json\/wp\/v2\/pages\/3887\/revisions\/5466"}],"wp:attachment":[{"href":"https:\/\/majoitus.vuokatinaateli.fi\/en\/wp-json\/wp\/v2\/media?parent=3887"}],"curies":[{"name":"wp","href":"https:\/\/api.w.org\/{rel}","templated":true}]}}