{"id":5409,"date":"2023-11-09T22:15:32","date_gmt":"2023-11-09T20:15:32","guid":{"rendered":"https:\/\/majoitus.vuokatinaateli.fi\/?page_id=5409"},"modified":"2025-04-08T11:28:14","modified_gmt":"2025-04-08T08:28:14","slug":"hotel-aateli-lakeside","status":"publish","type":"page","link":"https:\/\/majoitus.vuokatinaateli.fi\/en\/hotel-aateli-lakeside\/","title":{"rendered":"Hotel Aateli Lakeside"},"content":{"rendered":"\n<div style=\"height:5vh\" aria-hidden=\"true\" class=\"wp-block-spacer\"><\/div>\n\n\n\n<h2 class=\"wp-block-heading has-text-align-left has-dark-color has-text-color has-medium-font-size\" id=\"ainutlaatuinen-hotelli-premium-tason-huoneilla\">We offer you a high-quality and relaxing environment for your vacation.<\/h2>\n\n\n\n<p>We want you to enjoy your stay. For us at Hotel Aateli Lakeside, luxury means enjoying the small things in life \u2013 our hotel is cozy and clean, and you can indulge in a delicious and varied breakfast with homemade rolls and pastries. In the summer, you can enjoy your breakfast with a calming lake view on the restaurant&#8217;s terrace. <\/p>\n\n\n\n<p>Whether you are traveling alone, with a partner, a friend, or a colleague, you are always welcome as our guest.<\/p>\n\n\n\n<p>Did you know that you can also book the entire hotel for your use? Ask for more information.<\/p>\n\n\n\n<div style=\"height:3vh\" aria-hidden=\"true\" class=\"wp-block-spacer\"><\/div>\n\n\n\n<h2 class=\"wp-block-heading has-text-align-center has-dark-color has-text-color has-medium-font-size\">Room types<\/h2>\n\n\n\n<p class=\"has-text-align-center\">Our hotel has a total of 15 rooms across two floors. Choose the most comfortable from our various room types.<\/p>\n\n\n\n<div style=\"height:10px\" aria-hidden=\"true\" class=\"wp-block-spacer\"><\/div>\n\n\n\n<div class=\"wp-block-columns alignwide is-layout-flex wp-container-core-columns-is-layout-9d6595d7 wp-block-columns-is-layout-flex\">\n<div class=\"wp-block-column is-layout-flow wp-block-column-is-layout-flow\">\n<div class=\"wp-block-cover is-light\" style=\"min-height:500px;aspect-ratio:unset;\"><span aria-hidden=\"true\" class=\"wp-block-cover__background has-background-dim-30 has-background-dim\"><\/span><img loading=\"lazy\" decoding=\"async\" width=\"1060\" height=\"707\" class=\"wp-block-cover__image-background wp-image-5083\" alt=\"\" src=\"https:\/\/majoitus.vuokatinaateli.fi\/wp-content\/uploads\/2023\/10\/hotelli_-20-medium-1060x707-2.webp\" data-object-fit=\"cover\" srcset=\"https:\/\/majoitus.vuokatinaateli.fi\/wp-content\/uploads\/2023\/10\/hotelli_-20-medium-1060x707-2.webp 1060w, https:\/\/majoitus.vuokatinaateli.fi\/wp-content\/uploads\/2023\/10\/hotelli_-20-medium-1060x707-2-300x200.webp 300w, https:\/\/majoitus.vuokatinaateli.fi\/wp-content\/uploads\/2023\/10\/hotelli_-20-medium-1060x707-2-1024x683.webp 1024w, https:\/\/majoitus.vuokatinaateli.fi\/wp-content\/uploads\/2023\/10\/hotelli_-20-medium-1060x707-2-768x512.webp 768w\" sizes=\"auto, (max-width: 1060px) 100vw, 1060px\" \/><div class=\"wp-block-cover__inner-container is-layout-constrained wp-block-cover-is-layout-constrained\">\n<h4 class=\"wp-block-heading has-text-align-center has-white-color has-text-color\">Single room<\/h4>\n\n\n\n<p class=\"has-text-align-center has-white-color has-text-color\"><strong>Atmosphere and privacy in cozy rooms<\/strong><\/p>\n\n\n\n<div class=\"wp-block-buttons is-content-justification-center is-layout-flex wp-container-core-buttons-is-layout-16018d1d wp-block-buttons-is-layout-flex\">\n<div class=\"wp-block-button\"><a class=\"wp-block-button__link has-white-color has-gold-background-color has-text-color has-background has-text-align-center wp-element-button\" href=\"https:\/\/majoitus.vuokatinaateli.fi\/en\/hotel\/hotel-aateli-lakeside-single-room\/\" target=\"_blank\" rel=\"noreferrer noopener\">Explore and book<\/a><\/div>\n<\/div>\n<\/div><\/div>\n<\/div>\n\n\n\n<div class=\"wp-block-column is-layout-flow wp-block-column-is-layout-flow\">\n<div class=\"wp-block-cover is-light\" style=\"min-height:500px;aspect-ratio:unset;\"><span aria-hidden=\"true\" class=\"wp-block-cover__background has-background-dim-30 has-background-dim\"><\/span><img loading=\"lazy\" decoding=\"async\" width=\"1060\" height=\"707\" class=\"wp-block-cover__image-background wp-image-5083\" alt=\"\" src=\"https:\/\/majoitus.vuokatinaateli.fi\/wp-content\/uploads\/2023\/10\/hotelli_-20-medium-1060x707-2.webp\" data-object-fit=\"cover\" srcset=\"https:\/\/majoitus.vuokatinaateli.fi\/wp-content\/uploads\/2023\/10\/hotelli_-20-medium-1060x707-2.webp 1060w, https:\/\/majoitus.vuokatinaateli.fi\/wp-content\/uploads\/2023\/10\/hotelli_-20-medium-1060x707-2-300x200.webp 300w, https:\/\/majoitus.vuokatinaateli.fi\/wp-content\/uploads\/2023\/10\/hotelli_-20-medium-1060x707-2-1024x683.webp 1024w, https:\/\/majoitus.vuokatinaateli.fi\/wp-content\/uploads\/2023\/10\/hotelli_-20-medium-1060x707-2-768x512.webp 768w\" sizes=\"auto, (max-width: 1060px) 100vw, 1060px\" \/><div class=\"wp-block-cover__inner-container is-layout-constrained wp-block-cover-is-layout-constrained\">\n<h4 class=\"wp-block-heading has-text-align-center has-white-color has-text-color\">Single room with<br>king size -bed<\/h4>\n\n\n\n<p class=\"has-text-align-center has-white-color has-text-color\"><strong>Spacious rooms with a lake view and a large bed<\/strong><\/p>\n\n\n\n<div class=\"wp-block-buttons is-content-justification-center is-layout-flex wp-container-core-buttons-is-layout-16018d1d wp-block-buttons-is-layout-flex\">\n<div class=\"wp-block-button\"><a class=\"wp-block-button__link has-white-color has-gold-background-color has-text-color has-background has-text-align-center wp-element-button\" href=\"https:\/\/majoitus.vuokatinaateli.fi\/en\/hotel\/hotel-aateli-lakeside-single-room-with-king-size-bed\/\" target=\"_blank\" rel=\"noreferrer noopener\"><strong>Explore and book<\/strong><\/a><\/div>\n<\/div>\n<\/div><\/div>\n<\/div>\n<\/div>\n\n\n\n<div class=\"wp-block-columns alignwide is-layout-flex wp-container-core-columns-is-layout-9d6595d7 wp-block-columns-is-layout-flex\">\n<div class=\"wp-block-column is-layout-flow wp-block-column-is-layout-flow\">\n<div class=\"wp-block-cover\" style=\"min-height:500px;aspect-ratio:unset;\"><span aria-hidden=\"true\" class=\"wp-block-cover__background has-background-dim-30 has-background-dim\"><\/span><img loading=\"lazy\" decoding=\"async\" width=\"1060\" height=\"707\" class=\"wp-block-cover__image-background wp-image-5078\" alt=\"\" src=\"https:\/\/majoitus.vuokatinaateli.fi\/wp-content\/uploads\/2023\/10\/doubleuusi-1060x707-2.jpg\" data-object-fit=\"cover\" srcset=\"https:\/\/majoitus.vuokatinaateli.fi\/wp-content\/uploads\/2023\/10\/doubleuusi-1060x707-2.jpg 1060w, https:\/\/majoitus.vuokatinaateli.fi\/wp-content\/uploads\/2023\/10\/doubleuusi-1060x707-2-300x200.jpg 300w, https:\/\/majoitus.vuokatinaateli.fi\/wp-content\/uploads\/2023\/10\/doubleuusi-1060x707-2-1024x683.jpg 1024w, https:\/\/majoitus.vuokatinaateli.fi\/wp-content\/uploads\/2023\/10\/doubleuusi-1060x707-2-768x512.jpg 768w\" sizes=\"auto, (max-width: 1060px) 100vw, 1060px\" \/><div class=\"wp-block-cover__inner-container is-layout-constrained wp-block-cover-is-layout-constrained\">\n<h4 class=\"wp-block-heading has-text-align-center has-white-color has-text-color\">Double room with a double bed<\/h4>\n\n\n\n<p class=\"has-text-align-center has-white-color has-text-color\"><strong>Ambience and tranquility with a lake view<\/strong><\/p>\n\n\n\n<div class=\"wp-block-buttons is-content-justification-center is-layout-flex wp-container-core-buttons-is-layout-16018d1d wp-block-buttons-is-layout-flex\">\n<div class=\"wp-block-button\"><a class=\"wp-block-button__link has-white-color has-gold-background-color has-text-color has-background has-text-align-center wp-element-button\" href=\"https:\/\/majoitus.vuokatinaateli.fi\/en\/hotel\/hotel-aateli-lakeside-double-room-with-double-bed\/\" target=\"_blank\" rel=\"noreferrer noopener\"><strong>Explore and book<\/strong><\/a><\/div>\n<\/div>\n<\/div><\/div>\n<\/div>\n\n\n\n<div class=\"wp-block-column is-layout-flow wp-block-column-is-layout-flow\">\n<div class=\"wp-block-cover is-light\" style=\"min-height:500px;aspect-ratio:unset;\"><span aria-hidden=\"true\" class=\"wp-block-cover__background has-background-dim-20 has-background-dim\"><\/span><img loading=\"lazy\" decoding=\"async\" width=\"2133\" height=\"1600\" class=\"wp-block-cover__image-background wp-image-5364\" alt=\"\" src=\"https:\/\/majoitus.vuokatinaateli.fi\/wp-content\/uploads\/2023\/11\/twin_huone_Hotel_Aateli_Lakeside-scaled.jpg\" data-object-fit=\"cover\" srcset=\"https:\/\/majoitus.vuokatinaateli.fi\/wp-content\/uploads\/2023\/11\/twin_huone_Hotel_Aateli_Lakeside-scaled.jpg 2133w, https:\/\/majoitus.vuokatinaateli.fi\/wp-content\/uploads\/2023\/11\/twin_huone_Hotel_Aateli_Lakeside-300x225.jpg 300w, https:\/\/majoitus.vuokatinaateli.fi\/wp-content\/uploads\/2023\/11\/twin_huone_Hotel_Aateli_Lakeside-1024x768.jpg 1024w, https:\/\/majoitus.vuokatinaateli.fi\/wp-content\/uploads\/2023\/11\/twin_huone_Hotel_Aateli_Lakeside-768x576.jpg 768w, https:\/\/majoitus.vuokatinaateli.fi\/wp-content\/uploads\/2023\/11\/twin_huone_Hotel_Aateli_Lakeside-1536x1152.jpg 1536w, https:\/\/majoitus.vuokatinaateli.fi\/wp-content\/uploads\/2023\/11\/twin_huone_Hotel_Aateli_Lakeside-2048x1536.jpg 2048w, https:\/\/majoitus.vuokatinaateli.fi\/wp-content\/uploads\/2023\/11\/twin_huone_Hotel_Aateli_Lakeside-1920x1440.jpg 1920w, https:\/\/majoitus.vuokatinaateli.fi\/wp-content\/uploads\/2023\/11\/twin_huone_Hotel_Aateli_Lakeside-1600x1200.jpg 1600w\" sizes=\"auto, (max-width: 2133px) 100vw, 2133px\" \/><div class=\"wp-block-cover__inner-container is-layout-constrained wp-block-cover-is-layout-constrained\">\n<h4 class=\"wp-block-heading has-text-align-center has-white-color has-text-color\">Double room with twin beds<\/h4>\n\n\n\n<p class=\"has-text-align-center has-white-color has-text-color\">20 m<sup>2<\/sup> cozy room<\/p>\n\n\n\n<div class=\"wp-block-buttons is-content-justification-center is-layout-flex wp-container-core-buttons-is-layout-16018d1d wp-block-buttons-is-layout-flex\">\n<div class=\"wp-block-button\"><a class=\"wp-block-button__link has-white-color has-gold-background-color has-text-color has-background has-text-align-center wp-element-button\" href=\"https:\/\/majoitus.vuokatinaateli.fi\/en\/hotel\/hotel-aateli-lakeside-double-room-separate-beds\/\" target=\"_blank\" rel=\"noreferrer noopener\"><strong>Explore and book<\/strong><\/a><\/div>\n<\/div>\n<\/div><\/div>\n<\/div>\n<\/div>\n\n\n\n<div class=\"wp-block-columns alignwide is-layout-flex wp-container-core-columns-is-layout-9d6595d7 wp-block-columns-is-layout-flex\">\n<div class=\"wp-block-column is-layout-flow wp-block-column-is-layout-flow\">\n<div class=\"wp-block-cover\" style=\"min-height:500px;aspect-ratio:unset;\"><span aria-hidden=\"true\" class=\"wp-block-cover__background has-background-dim-30 has-background-dim\"><\/span><img loading=\"lazy\" decoding=\"async\" width=\"1600\" height=\"1067\" class=\"wp-block-cover__image-background wp-image-5123\" alt=\"\" src=\"https:\/\/majoitus.vuokatinaateli.fi\/wp-content\/uploads\/2023\/10\/perhehuone-joo-1600x1067-1.jpg\" data-object-fit=\"cover\" srcset=\"https:\/\/majoitus.vuokatinaateli.fi\/wp-content\/uploads\/2023\/10\/perhehuone-joo-1600x1067-1.jpg 1600w, https:\/\/majoitus.vuokatinaateli.fi\/wp-content\/uploads\/2023\/10\/perhehuone-joo-1600x1067-1-300x200.jpg 300w, https:\/\/majoitus.vuokatinaateli.fi\/wp-content\/uploads\/2023\/10\/perhehuone-joo-1600x1067-1-1024x683.jpg 1024w, https:\/\/majoitus.vuokatinaateli.fi\/wp-content\/uploads\/2023\/10\/perhehuone-joo-1600x1067-1-768x512.jpg 768w, https:\/\/majoitus.vuokatinaateli.fi\/wp-content\/uploads\/2023\/10\/perhehuone-joo-1600x1067-1-1536x1024.jpg 1536w\" sizes=\"auto, (max-width: 1600px) 100vw, 1600px\" \/><div class=\"wp-block-cover__inner-container is-layout-constrained wp-block-cover-is-layout-constrained\">\n<h4 class=\"wp-block-heading has-text-align-center has-white-color has-text-color\">Family room with a separate bedroom<\/h4>\n\n\n\n<p class=\"has-text-align-center has-white-color has-text-color\"><strong>This room is suitable for the whole family, <\/strong><br><strong>and pets are also welcome<\/strong><\/p>\n\n\n\n<div class=\"wp-block-buttons is-content-justification-center is-layout-flex wp-container-core-buttons-is-layout-16018d1d wp-block-buttons-is-layout-flex\">\n<div class=\"wp-block-button\"><a class=\"wp-block-button__link has-white-color has-gold-background-color has-text-color has-background has-text-align-center wp-element-button\" href=\"https:\/\/majoitus.vuokatinaateli.fi\/en\/hotel\/hotel-aateli-lakeside-family-room-with-separate-bedroom\/\" target=\"_blank\" rel=\"noreferrer noopener\"><strong>Explore and book<\/strong><\/a><\/div>\n<\/div>\n<\/div><\/div>\n<\/div>\n\n\n\n<div class=\"wp-block-column is-layout-flow wp-block-column-is-layout-flow\">\n<div class=\"wp-block-cover is-light\" style=\"min-height:500px;aspect-ratio:unset;\"><span aria-hidden=\"true\" class=\"wp-block-cover__background has-background-dim-20 has-background-dim\"><\/span><img loading=\"lazy\" decoding=\"async\" width=\"1600\" height=\"1067\" class=\"wp-block-cover__image-background wp-image-5128\" alt=\"\" src=\"https:\/\/majoitus.vuokatinaateli.fi\/wp-content\/uploads\/2023\/10\/ylakerrallinen-huone-yha-1600x1067-1.jpg\" data-object-fit=\"cover\" srcset=\"https:\/\/majoitus.vuokatinaateli.fi\/wp-content\/uploads\/2023\/10\/ylakerrallinen-huone-yha-1600x1067-1.jpg 1600w, https:\/\/majoitus.vuokatinaateli.fi\/wp-content\/uploads\/2023\/10\/ylakerrallinen-huone-yha-1600x1067-1-300x200.jpg 300w, https:\/\/majoitus.vuokatinaateli.fi\/wp-content\/uploads\/2023\/10\/ylakerrallinen-huone-yha-1600x1067-1-1024x683.jpg 1024w, https:\/\/majoitus.vuokatinaateli.fi\/wp-content\/uploads\/2023\/10\/ylakerrallinen-huone-yha-1600x1067-1-768x512.jpg 768w, https:\/\/majoitus.vuokatinaateli.fi\/wp-content\/uploads\/2023\/10\/ylakerrallinen-huone-yha-1600x1067-1-1536x1024.jpg 1536w\" sizes=\"auto, (max-width: 1600px) 100vw, 1600px\" \/><div class=\"wp-block-cover__inner-container is-layout-constrained wp-block-cover-is-layout-constrained\">\n<h4 class=\"wp-block-heading has-text-align-center has-white-color has-text-color\">Family room with a loft<\/h4>\n\n\n\n<p class=\"has-text-align-center has-white-color has-text-color\"><strong>Cozy 30 m\u00b2 family rooms with a loft offer ample space for the entire family to enjoy their vacation comfortably.<\/strong><\/p>\n\n\n\n<div class=\"wp-block-buttons is-content-justification-center is-layout-flex wp-container-core-buttons-is-layout-16018d1d wp-block-buttons-is-layout-flex\">\n<div class=\"wp-block-button\"><a class=\"wp-block-button__link has-white-color has-gold-background-color has-text-color has-background has-text-align-center wp-element-button\" href=\"https:\/\/majoitus.vuokatinaateli.fi\/en\/hotel\/hotel-aateli-lakeside-family-room-with-loft\/\" target=\"_blank\" rel=\"noreferrer noopener\"><strong>Explore and book<\/strong><\/a><\/div>\n<\/div>\n<\/div><\/div>\n<\/div>\n<\/div>\n\n\n\n<div class=\"wp-block-columns alignwide is-layout-flex wp-container-core-columns-is-layout-9d6595d7 wp-block-columns-is-layout-flex\">\n<div class=\"wp-block-column is-layout-flow wp-block-column-is-layout-flow\">\n<div class=\"wp-block-cover is-light\" style=\"min-height:500px;aspect-ratio:unset;\"><span aria-hidden=\"true\" class=\"wp-block-cover__background has-background-dim-30 has-background-dim\"><\/span><img loading=\"lazy\" decoding=\"async\" width=\"1600\" height=\"1067\" class=\"wp-block-cover__image-background wp-image-5160\" alt=\"\" src=\"https:\/\/majoitus.vuokatinaateli.fi\/wp-content\/uploads\/2023\/10\/hotel-vuokatti-suite-kylpyamme.jpg\" data-object-fit=\"cover\" srcset=\"https:\/\/majoitus.vuokatinaateli.fi\/wp-content\/uploads\/2023\/10\/hotel-vuokatti-suite-kylpyamme.jpg 1600w, https:\/\/majoitus.vuokatinaateli.fi\/wp-content\/uploads\/2023\/10\/hotel-vuokatti-suite-kylpyamme-300x200.jpg 300w, https:\/\/majoitus.vuokatinaateli.fi\/wp-content\/uploads\/2023\/10\/hotel-vuokatti-suite-kylpyamme-1024x683.jpg 1024w, https:\/\/majoitus.vuokatinaateli.fi\/wp-content\/uploads\/2023\/10\/hotel-vuokatti-suite-kylpyamme-768x512.jpg 768w, https:\/\/majoitus.vuokatinaateli.fi\/wp-content\/uploads\/2023\/10\/hotel-vuokatti-suite-kylpyamme-1536x1024.jpg 1536w\" sizes=\"auto, (max-width: 1600px) 100vw, 1600px\" \/><div class=\"wp-block-cover__inner-container is-layout-constrained wp-block-cover-is-layout-constrained\">\n<h4 class=\"wp-block-heading has-text-align-center has-white-color has-text-color\">Suite with a private sauna<\/h4>\n\n\n\n<p class=\"has-text-align-center has-white-color has-text-color\"><strong>Enjoy the spacious suite and the warmth of your own sauna. Glass-enclosed terrace with views of Lake Nuasj\u00e4rvi<\/strong><\/p>\n\n\n\n<div class=\"wp-block-buttons is-content-justification-center is-layout-flex wp-container-core-buttons-is-layout-16018d1d wp-block-buttons-is-layout-flex\">\n<div class=\"wp-block-button\"><a class=\"wp-block-button__link has-white-color has-gold-background-color has-text-color has-background has-text-align-center wp-element-button\" href=\"https:\/\/majoitus.vuokatinaateli.fi\/en\/hotel\/hotel-aateli-lakeside-suite-with-private-sauna\/\" target=\"_blank\" rel=\"noreferrer noopener\"><strong>Explore and book<\/strong><\/a><\/div>\n<\/div>\n<\/div><\/div>\n<\/div>\n\n\n\n<div class=\"wp-block-column is-layout-flow wp-block-column-is-layout-flow\"><\/div>\n<\/div>\n\n\n\n<div style=\"height:45px\" aria-hidden=\"true\" class=\"wp-block-spacer\"><\/div>\n\n\n\n<div class=\"wp-block-cover alignwide\"><span aria-hidden=\"true\" class=\"wp-block-cover__background has-black-background-color has-background-dim-40 has-background-dim\"><\/span><img loading=\"lazy\" decoding=\"async\" width=\"1600\" height=\"1067\" class=\"wp-block-cover__image-background wp-image-5969\" alt=\"\" src=\"https:\/\/majoitus.vuokatinaateli.fi\/wp-content\/uploads\/2024\/02\/bistro-nuas-aamupala-ja-kasi-1600x1067-1.jpg\" style=\"object-position:50% 77%\" data-object-fit=\"cover\" data-object-position=\"50% 77%\" srcset=\"https:\/\/majoitus.vuokatinaateli.fi\/wp-content\/uploads\/2024\/02\/bistro-nuas-aamupala-ja-kasi-1600x1067-1.jpg 1600w, https:\/\/majoitus.vuokatinaateli.fi\/wp-content\/uploads\/2024\/02\/bistro-nuas-aamupala-ja-kasi-1600x1067-1-300x200.jpg 300w, https:\/\/majoitus.vuokatinaateli.fi\/wp-content\/uploads\/2024\/02\/bistro-nuas-aamupala-ja-kasi-1600x1067-1-1024x683.jpg 1024w, https:\/\/majoitus.vuokatinaateli.fi\/wp-content\/uploads\/2024\/02\/bistro-nuas-aamupala-ja-kasi-1600x1067-1-768x512.jpg 768w, https:\/\/majoitus.vuokatinaateli.fi\/wp-content\/uploads\/2024\/02\/bistro-nuas-aamupala-ja-kasi-1600x1067-1-1536x1024.jpg 1536w\" sizes=\"auto, (max-width: 1600px) 100vw, 1600px\" \/><div class=\"wp-block-cover__inner-container is-layout-constrained wp-block-cover-is-layout-constrained\">\n<p class=\"has-text-align-center has-large-font-size\"><strong>Bistro Nuas<\/strong><\/p>\n<\/div><\/div>\n\n\n\n<div style=\"height:25px\" aria-hidden=\"true\" class=\"wp-block-spacer\"><\/div>\n\n\n\n<h2 class=\"wp-block-heading has-text-align-left has-dark-color has-text-color has-medium-font-size\">Restaurant services at Hotel Aateli Lakeside \u2013 Bistro Nuas<\/h2>\n\n\n\n<p>Bistro Nuas&nbsp;offers a relaxed breakfast experience in the stunning lakeside setting of&nbsp;Hotel Aateli Lakeside, right on the shores of&nbsp;Lake Nuasj\u00e4rvi. Start your day with a diverse breakfast while enjoying the view of the lake.<\/p>\n\n\n\n<p>Bistro Nuas is also available as an exclusive venue for private events. Make your celebration or meeting unforgettable by renting the entire restaurant, perfect for family gatherings or business functions. Experience exquisite flavors in a setting like no other.<\/p>\n\n\n\n<p><strong>Hotel breakfast:<\/strong><\/p>\n\n\n\n<p>What better way to start the day than with a hotel breakfast!<br>Our delicious and hearty hotel breakfast is available weekdays from 7 AM to 10 AM, and on weekends and holidays from 8 AM to 10 AM.<\/p>\n\n\n\n<p><strong>Breakfast reservations (if you are staying elsewhere than at the hotel):<br><\/strong>+358 44 555 2828<br>info@vuokatinaateli.fi<\/p>\n\n\n\n<p><strong>Events and celebrations:<br><\/strong>Please contact our sales team for more information! Email: info@vuokatinaateli.fi<\/p>\n\n\n\n<div style=\"height:45px\" aria-hidden=\"true\" class=\"wp-block-spacer\"><\/div>\n\n\n\n<div class=\"wp-block-cover alignwide\"><span aria-hidden=\"true\" class=\"wp-block-cover__background has-black-background-color has-background-dim-40 has-background-dim\"><\/span><img loading=\"lazy\" decoding=\"async\" width=\"2400\" height=\"1600\" class=\"wp-block-cover__image-background wp-image-6513\" alt=\"\" src=\"https:\/\/majoitus.vuokatinaateli.fi\/wp-content\/uploads\/2024\/05\/Hotelli-vuokatti-Beach-scaled.jpg\" data-object-fit=\"cover\" srcset=\"https:\/\/majoitus.vuokatinaateli.fi\/wp-content\/uploads\/2024\/05\/Hotelli-vuokatti-Beach-scaled.jpg 2400w, https:\/\/majoitus.vuokatinaateli.fi\/wp-content\/uploads\/2024\/05\/Hotelli-vuokatti-Beach-300x200.jpg 300w, https:\/\/majoitus.vuokatinaateli.fi\/wp-content\/uploads\/2024\/05\/Hotelli-vuokatti-Beach-1024x683.jpg 1024w, https:\/\/majoitus.vuokatinaateli.fi\/wp-content\/uploads\/2024\/05\/Hotelli-vuokatti-Beach-768x512.jpg 768w, https:\/\/majoitus.vuokatinaateli.fi\/wp-content\/uploads\/2024\/05\/Hotelli-vuokatti-Beach-1536x1024.jpg 1536w, https:\/\/majoitus.vuokatinaateli.fi\/wp-content\/uploads\/2024\/05\/Hotelli-vuokatti-Beach-2048x1365.jpg 2048w, https:\/\/majoitus.vuokatinaateli.fi\/wp-content\/uploads\/2024\/05\/Hotelli-vuokatti-Beach-1920x1280.jpg 1920w, https:\/\/majoitus.vuokatinaateli.fi\/wp-content\/uploads\/2024\/05\/Hotelli-vuokatti-Beach-1600x1067.jpg 1600w\" sizes=\"auto, (max-width: 2400px) 100vw, 2400px\" \/><div class=\"wp-block-cover__inner-container is-layout-constrained wp-block-cover-is-layout-constrained\">\n<p class=\"has-text-align-center has-large-font-size\"><strong>A variety of activities at Hotel Aateli Lakeside <\/strong><br><strong>year-round<\/strong><\/p>\n<\/div><\/div>\n\n\n\n<div style=\"height:25px\" aria-hidden=\"true\" class=\"wp-block-spacer\"><\/div>\n\n\n\n<h2 class=\"wp-block-heading has-text-align-left has-dark-color has-text-color has-medium-font-size\">Services<\/h2>\n\n\n\n<p><strong>Hotel saunas<br><\/strong>The hotel&#8217;s ground floor features a spacious and comfortable sauna area with separate saunas for men and women. Please check the opening hours at the reception.<\/p>\n\n\n\n<p><strong><strong>Drying room and ski storage<\/strong><\/strong><br>In the hotel&#8217;s basement, there is a shared room with a drying cabinet. At the end of the hotel, there is a communal ski storage room equipped with a waxing bench. Access to both rooms is via a room-specific door code.<\/p>\n\n\n\n<p><strong>Gym<\/strong><br>Our gym features Cypex and Matrix equipment, allowing you to have a great workout during your stay. Gym usage is included in your accommodation price.<\/p>\n\n\n\n<div class=\"wp-block-buttons is-layout-flex wp-block-buttons-is-layout-flex\">\n<div class=\"wp-block-button\"><a class=\"wp-block-button__link has-goldlight-background-color has-background wp-element-button\" href=\"https:\/\/majoitus.vuokatinaateli.fi\/en\/hotel-aateli-lakeside-gym\/\">Hotel Aateli Lakeside modern gym<\/a><\/div>\n<\/div>\n\n\n\n<p><strong>Walking poles<\/strong><br>Walking with poles strengthens the upper body. You can borrow walking poles from us to make your workout more diverse.<\/p>\n\n\n\n<p><strong>Bicycles<\/strong> (summer)<br>Rent a bicycle and explore Vuokatti from the saddle!<br>Bike 2-3h \/ 10\u20ac<\/p>\n\n\n\n<p><strong>Billiard<\/strong><br>In the hotel&#8217;s basement, there is a billiard table available for use. The hourly rate is 10\u20ac. Please inquire at our reception for more details.<\/p>\n\n\n\n<p><strong>Nearby<\/strong><br>J\u00e4\u00e4ti\u00f6lampi Lean-To \u2013 Near Hotel Aateli Lakeside, there is a lean-to maintained by the municipality of Sotkamo. You can hike there and roast sausages over the campfire.<\/p>\n\n\n\n<div style=\"height:35px\" aria-hidden=\"true\" class=\"wp-block-spacer\"><\/div>\n\n\n\n<div id=\"events-block_c2bf85a01ccda68193bb4f854a117ba8\" class=\"events-block alignfull\">\n\n\t<div class=\"events-block__content\">\n\n\t\t\n\t\t\t\t\n\t<\/div><!-- .events-block__content -->\n\n<\/div>\n","protected":false},"excerpt":{"rendered":"<p>We offer you a high-quality and relaxing environment for your vacation. We want you to enjoy your stay. For us at Hotel Aateli Lakeside, luxury means enjoying the small things in life \u2013 our hotel is cozy and clean, and you can indulge in a delicious and varied breakfast with homemade rolls and pastries. In [&hellip;]<\/p>\n","protected":false},"author":1,"featured_media":0,"parent":0,"menu_order":0,"comment_status":"closed","ping_status":"closed","template":"","meta":{"_acf_changed":false,"footnotes":""},"class_list":["post-5409","page","type-page","status-publish","hentry"],"acf":[],"_links":{"self":[{"href":"https:\/\/majoitus.vuokatinaateli.fi\/en\/wp-json\/wp\/v2\/pages\/5409","targetHints":{"allow":["GET"]}}],"collection":[{"href":"https:\/\/majoitus.vuokatinaateli.fi\/en\/wp-json\/wp\/v2\/pages"}],"about":[{"href":"https:\/\/majoitus.vuokatinaateli.fi\/en\/wp-json\/wp\/v2\/types\/page"}],"author":[{"embeddable":true,"href":"https:\/\/majoitus.vuokatinaateli.fi\/en\/wp-json\/wp\/v2\/users\/1"}],"replies":[{"embeddable":true,"href":"https:\/\/majoitus.vuokatinaateli.fi\/en\/wp-json\/wp\/v2\/comments?post=5409"}],"version-history":[{"count":7,"href":"https:\/\/majoitus.vuokatinaateli.fi\/en\/wp-json\/wp\/v2\/pages\/5409\/revisions"}],"predecessor-version":[{"id":8578,"href":"https:\/\/majoitus.vuokatinaateli.fi\/en\/wp-json\/wp\/v2\/pages\/5409\/revisions\/8578"}],"wp:attachment":[{"href":"https:\/\/majoitus.vuokatinaateli.fi\/en\/wp-json\/wp\/v2\/media?parent=5409"}],"curies":[{"name":"wp","href":"https:\/\/api.w.org\/{rel}","templated":true}]}}